{"id":115,"date":"2016-02-26T18:10:11","date_gmt":"2016-02-26T18:10:11","guid":{"rendered":"http:\/\/seeloewen-unteriglbach.de\/?page_id=115"},"modified":"2016-02-26T18:34:55","modified_gmt":"2016-02-26T18:34:55","slug":"termine","status":"publish","type":"page","link":"http:\/\/seeloewen-unteriglbach.de\/Startseite\/termine\/","title":{"rendered":"Termine"},"content":{"rendered":"<p style=\"text-align: center;\">\n<p style=\"text-align: center;\"><span style=\"font-family: arial, helvetica, sans-serif; font-size: 12pt;\">\u00dcber welche Termine wollen Sie sich informieren?<\/span><\/p>\n<p style=\"text-align: center;\"><span style=\"font-family: arial, helvetica, sans-serif; font-size: 12pt;\">\u00dcber die Termine der<\/span><\/p>\n<p>&nbsp;<\/p>\n<p style=\"text-align: center;\"><span style=\"font-family: arial, helvetica, sans-serif; font-size: 24pt; color: #3366ff;\"><a style=\"color: #3366ff;\" href=\"http:\/\/seeloewen-unteriglbach.de\/termine-der-seeloewen\/\">Seel\u00f6wen Unteriglbach<\/a><\/span><\/p>\n<p style=\"text-align: center;\"><span style=\"font-family: arial, helvetica, sans-serif; font-size: 12pt;\"><br \/>\noder \u00fcber Termine des<\/span><\/p>\n<p>&nbsp;<\/p>\n<p style=\"text-align: center;\"><span style=\"font-family: arial, helvetica, sans-serif; font-size: 24pt; color: #3366ff;\"><a style=\"color: #3366ff;\" href=\"http:\/\/seeloewen-unteriglbach.de\/termine-spiele-des-tsv-1860-muenchen\/\">TSV 1860 M\u00fcnchen<\/a><\/span><\/p>\n","protected":false},"excerpt":{"rendered":"<p>\u00dcber welche Termine wollen Sie sich informieren? \u00dcber die Termine der &nbsp; Seel\u00f6wen Unteriglbach oder \u00fcber Termine des &nbsp; TSV 1860 M\u00fcnchen<\/p>\n","protected":false},"author":1,"featured_media":0,"parent":0,"menu_order":0,"comment_status":"closed","ping_status":"closed","template":"","meta":{"ngg_post_thumbnail":0,"jetpack_post_was_ever_published":false,"footnotes":""},"class_list":["post-115","page","type-page","status-publish","hentry"],"jetpack_sharing_enabled":true,"jetpack_shortlink":"https:\/\/wp.me\/P7h1s1-1R","_links":{"self":[{"href":"http:\/\/seeloewen-unteriglbach.de\/Startseite\/wp-json\/wp\/v2\/pages\/115","targetHints":{"allow":["GET"]}}],"collection":[{"href":"http:\/\/seeloewen-unteriglbach.de\/Startseite\/wp-json\/wp\/v2\/pages"}],"about":[{"href":"http:\/\/seeloewen-unteriglbach.de\/Startseite\/wp-json\/wp\/v2\/types\/page"}],"author":[{"embeddable":true,"href":"http:\/\/seeloewen-unteriglbach.de\/Startseite\/wp-json\/wp\/v2\/users\/1"}],"replies":[{"embeddable":true,"href":"http:\/\/seeloewen-unteriglbach.de\/Startseite\/wp-json\/wp\/v2\/comments?post=115"}],"version-history":[{"count":3,"href":"http:\/\/seeloewen-unteriglbach.de\/Startseite\/wp-json\/wp\/v2\/pages\/115\/revisions"}],"predecessor-version":[{"id":127,"href":"http:\/\/seeloewen-unteriglbach.de\/Startseite\/wp-json\/wp\/v2\/pages\/115\/revisions\/127"}],"wp:attachment":[{"href":"http:\/\/seeloewen-unteriglbach.de\/Startseite\/wp-json\/wp\/v2\/media?parent=115"}],"curies":[{"name":"wp","href":"https:\/\/api.w.org\/{rel}","templated":true}]}}