{"id":205,"date":"2016-02-29T18:14:01","date_gmt":"2016-02-29T18:14:01","guid":{"rendered":"http:\/\/seeloewen-unteriglbach.de\/?page_id=205"},"modified":"2017-06-23T14:08:40","modified_gmt":"2017-06-23T14:08:40","slug":"bilder-2016","status":"publish","type":"page","link":"http:\/\/seeloewen-unteriglbach.de\/Startseite\/bilder-2016\/","title":{"rendered":"Bilder 2016"},"content":{"rendered":"<p style=\"text-align: center;\">Falls jemand Fotos bei Fahrten nach M\u00fcnchen, Ausw\u00e4rtsspielen, Veranstaltungen usw. gemacht hat, kann er diese gerne an unseren Verein weitergeben, damit diese hier ver\u00f6ffentlicht werden.<\/p>\n<p>&nbsp;<\/p>\n<p><span style=\"text-decoration: underline;\"><strong><br \/>\n03<\/strong><\/span><strong><span style=\"text-decoration: underline;\">.12.2016<\/span><br \/>\n<\/strong>Teilnahme beim&nbsp;Iglbacher Dorf-Advent.<br \/>\n<strong>ngg_shortcode_0_placeholder<\/strong><\/p>\n<p>&nbsp;<\/p>\n<p><strong><span style=\"text-decoration: underline;\">27.11.2016<\/span><br \/>\n<\/strong>Unsere Nikolaus-Feier beim Seewirt.<br \/>\n<strong>ngg_shortcode_1_placeholder<\/strong><\/p>\n<p>&nbsp;<\/p>\n<p><strong><span style=\"text-decoration: underline;\">31.10.2016<\/span><br \/>\n<\/strong>Wir gratulieren unserem langj\u00e4hrigen Mitglied und Kassenpr\u00fcfer Franz \u00d6ller ganz herzlich zum 60-j\u00e4hrigem Betriebsjubil\u00e4um der G\u00e4rtnerei \u00d6ller in Ortenburg.<\/p>\n<p>von links: Beisitzer Thomas Meyerhofer, 1. Vorstand Michael Kerl, Seniorchef Franz \u00d6ller, Juniorchef Roland \u00d6ller und 2. Vorstand Susanne Weinberger bei der Geschenk- und Gl\u00fcckwunsch\u00fcbergabe.<br \/>\n<strong>ngg_shortcode_2_placeholder<\/strong><\/p>\n<p>&nbsp;<\/p>\n<p><strong><span style=\"text-decoration: underline;\">28.10.2016<\/span><br \/>\n<\/strong>Heimspiel gegen Erzgebirge Aue.<br \/>\n<strong>ngg_shortcode_3_placeholder<\/strong><\/p>\n<p>&nbsp;<\/p>\n<p><strong><span style=\"text-decoration: underline;\">21.10.2016<\/span><br \/>\n<\/strong>Ausw\u00e4rtsfahrt zum VfB Stuttgart, bei denen wir leider mit 2:1 verloren haben.<br \/>\n<strong>ngg_shortcode_4_placeholder<\/strong><\/p>\n<p>&nbsp;<\/p>\n<p><strong><span style=\"text-decoration: underline;\">16.10.2016<\/span><br \/>\n<\/strong>Heimspiel gegen Fortuna D\u00fcsseldorf.<br \/>\n<strong>ngg_shortcode_5_placeholder<\/strong><\/p>\n<p>&nbsp;<\/p>\n<p><span style=\"text-decoration: underline;\"><strong>08.10.2016<br \/>\n<\/strong><\/span>Die Regionsversammlung fand bei uns im im Vereinslokal Gasthaus am See statt und es kam der Vize-Pr\u00e4sident des TSV 1860 M\u00fcnchen, Hans Sitzberger, in Begleitung seiner Frau, mit ARGE-Vorstand Gerhard Schnell und mit der Fanbeauftragten des TSV 1860 M\u00fcnchen Jutta Schnell vorbei.<br \/>\n<span style=\"text-decoration: underline;\"><strong>ngg_shortcode_6_placeholder<\/strong><\/span><\/p>\n<p>&nbsp;<\/p>\n<p><span style=\"text-decoration: underline;\"><strong>02.10.2016<br \/>\n<\/strong><\/span>Ausw\u00e4rtsfahrt zu den W\u00fcrzburger Kickers, bei denen wir leider mit 2:0 unter gingen.<br \/>\n<span style=\"text-decoration: underline;\"><strong>ngg_shortcode_7_placeholder<\/strong><\/span><\/p>\n<p>&nbsp;<\/p>\n<p><span style=\"text-decoration: underline;\"><strong>25.09.2016<br \/>\n<\/strong><\/span>Auch heuer waren wir wieder in Knadlarn auf dem Oktoberfest dabei!<br \/>\n<span style=\"text-decoration: underline;\"><strong>ngg_shortcode_8_placeholder<\/strong><\/span><\/p>\n<p>&nbsp;<\/p>\n<p><span style=\"text-decoration: underline;\"><strong>25.09.2016<br \/>\n<\/strong><\/span>Heimspiel gegen den Absteiger aus der 1. Bundesliga, Hannover 96.<br \/>\n<span style=\"text-decoration: underline;\"><strong>ngg_shortcode_9_placeholder<\/strong><\/span><\/p>\n<p>&nbsp;<\/p>\n<p><span style=\"text-decoration: underline;\"><strong>16.09.2016<br \/>\n<\/strong><\/span>Heimspiel gegen den 1. FC Union Berlin.<br \/>\n<span style=\"text-decoration: underline;\"><strong>ngg_shortcode_10_placeholder<\/strong><\/span><\/p>\n<p>&nbsp;<\/p>\n<p><span style=\"text-decoration: underline;\"><strong>27.08.2016<br \/>\n<\/strong><\/span>Es muss nicht immer nur Fu\u00dfball sein! Darum fuhren die Seel\u00f6wen auch heuer wieder in den Biergarten nach Mariakirchen.<br \/>\n<span style=\"text-decoration: underline;\"><strong>ngg_shortcode_11_placeholder<\/strong><\/span><\/p>\n<p>&nbsp;<\/p>\n<p><span style=\"text-decoration: underline;\"><strong>20.08.2016<br \/>\n<\/strong><\/span>DFB-Pokal-Heimspiel gegen den Karlsruher FC.<br \/>\n<span style=\"text-decoration: underline;\"><strong>ngg_shortcode_12_placeholder<\/strong><\/span><\/p>\n<p>&nbsp;<\/p>\n<p><span style=\"text-decoration: underline;\"><strong>14.08.2016<br \/>\n<\/strong><\/span>1. Heimspiel der neuen Saison gegen Arminia Bielefeld, wurde bei strahlenden Sonnenschein mit einem Heimsieg (1:0) durch das Tor von unserem &#8222;Heimkehrer&#8220; Stefan Aigner gefeiert!<br \/>\n<span style=\"text-decoration: underline;\"><strong>ngg_shortcode_13_placeholder<\/strong><\/span><\/p>\n<p>&nbsp;<\/p>\n<p><span style=\"text-decoration: underline;\"><strong>07.08.2016<br \/>\n<\/strong><\/span>Eine gro\u00dfe Abordnung der Seel\u00f6wen war wie immer beim Ortenburger Volksfestumzug dabei.<br \/>\n<span style=\"text-decoration: underline;\"><strong>ngg_shortcode_14_placeholder<\/strong><\/span><\/p>\n<p>&nbsp;<\/p>\n<p><span style=\"text-decoration: underline;\"><strong>16.07.2016<\/strong><\/span><strong><u><br \/>\n<\/u><\/strong>Die&nbsp;Seel\u00f6wen Unteriglbach fuhren zum Heimatabend nach M\u00fcnchen ins Gr\u00fcnwalder-Stadion zum Testspiel der M\u00fcnchner L\u00f6wen gegen Borussia Dortmund.<br \/>\nBei tollem Wetter konnten die Mitfahrer in der alten Heimat einen 1:0 Sieg gegen den Deutschen Vizemeister einfahren!<\/p>\n<p><strong>ngg_shortcode_15_placeholder<br \/>\n<\/strong><\/p>\n<p>&nbsp;<\/p>\n<p><span style=\"text-decoration: underline;\"><strong>09.07.2016<br \/>\n<\/strong><\/span>Alle Jahre wieder steigt beim Seewirt unser traditionelles Sommernachtsfest, das heuer wieder sehr gut besucht wurde!<\/p>\n<p><span style=\"text-decoration: underline;\"><strong>ngg_shortcode_16_placeholder<\/strong><\/span><\/p>\n<p>&nbsp;<\/p>\n<p><span style=\"text-decoration: underline;\"><strong>15.05.2016<\/strong><\/span><strong><u><br \/>\n<\/u><\/strong>Ausw\u00e4rtsfahrt zum Spiel&nbsp;gegen den FSV Frankfurt, Letztes Saisonspiel 2015\/16<\/p>\n<p><strong>ngg_shortcode_17_placeholder<\/strong><\/p>\n<p>&nbsp;<\/p>\n<p><span style=\"text-decoration: underline;\"><strong>08.05.2016<\/strong><\/span><strong><u><br \/>\n<\/u><\/strong>Letztes Heimspiel der Saison 2015\/16 gegen den SC Paderborn<\/p>\n<p><strong>ngg_shortcode_18_placeholder<\/strong><\/p>\n<p>&nbsp;<\/p>\n<p><span style=\"text-decoration: underline;\"><strong>08.04.2016<\/strong><\/span><strong><u><br \/>\n<\/u><\/strong>Heimspiel gegen&nbsp;Greuther F\u00fcrth<\/p>\n<p><strong>ngg_shortcode_19_placeholder<\/strong><\/p>\n<p>&nbsp;<\/p>\n<p><span style=\"text-decoration: underline;\"><strong>04.03.2016<\/strong><\/span><strong><u><br \/>\n<\/u><\/strong>Heimspiel gegen Sandhausen<\/p>\n<p><strong>ngg_shortcode_20_placeholder<\/strong><\/p>\n<p>&nbsp;<\/p>\n<p><span style=\"text-decoration: underline;\"><strong>27.02.2016<\/strong><\/span><strong><u><br \/>\n<\/u><\/strong>Heimspiel gegen&nbsp;Bochum<\/p>\n<p><strong>ngg_shortcode_21_placeholder<\/strong><\/p>\n<p>&nbsp;<\/p>\n<p><span style=\"text-decoration: underline;\"><strong>06.02.2016<\/strong><\/span><strong><u><br \/>\n<\/u><\/strong>Heimspiel gegen N\u00fcrnberg<\/p>\n<p><strong>ngg_shortcode_22_placeholder<\/strong><\/p>\n<p>&nbsp;<\/p>\n<p><span style=\"text-decoration: underline;\"><strong>22.01.2016<\/strong><\/span><strong><u><br \/>\n<\/u><\/strong>Preisverleihung vom&nbsp;Dorfwanderpokalschie\u00dfen der Adlersch\u00fctzen Unteriglbach im Sch\u00fctzenheim<\/p>\n<p><strong>ngg_shortcode_23_placeholder<\/strong><\/p>\n<p>&nbsp;<\/p>\n<p><span style=\"text-decoration: underline;\"><strong>13.01.2016 &#8211; 17.01.2016<br \/>\n<\/strong><\/span>Beteiligung beim&nbsp;Dorfwanderpokalschie\u00dfen der Adlersch\u00fctzen Unteriglbach<\/p>\n<p><strong>ngg_shortcode_24_placeholder<\/strong><\/p>\n<p>&nbsp;<\/p>\n<p><span style=\"text-decoration: underline;\"><strong>31.12.2015 &#8211; 01.01.2016<br \/>\n<\/strong><\/span>Zwei-Tage-Fahrt zum Neujahrs-Skispringen nach Garmisch-Partenkirchen<\/p>\n<p><strong>ngg_shortcode_25_placeholder<\/strong><\/p>\n<p>&nbsp;<\/p>\n","protected":false},"excerpt":{"rendered":"<p>Falls jemand Fotos bei Fahrten nach M\u00fcnchen, Ausw\u00e4rtsspielen, Veranstaltungen usw. gemacht hat, kann er diese gerne an unseren Verein weitergeben, damit diese hier ver\u00f6ffentlicht werden. &nbsp; 03.12.2016 Teilnahme beim&nbsp;Iglbacher Dorf-Advent. &nbsp; 27.11.2016 Unsere Nikolaus-Feier beim Seewirt. &nbsp; 31.10.2016 Wir gratulieren unserem langj\u00e4hrigen Mitglied und Kassenpr\u00fcfer Franz \u00d6ller ganz herzlich zum 60-j\u00e4hrigem Betriebsjubil\u00e4um der G\u00e4rtnerei \u00d6ller in Ortenburg. von links: Beisitzer Thomas Meyerhofer, 1. Vorstand Michael Kerl, Seniorchef Franz \u00d6ller, Juniorchef Roland \u00d6ller und 2. Vorstand Susanne Weinberger bei der Geschenk- und Gl\u00fcckwunsch\u00fcbergabe. &nbsp; 28.10.2016 Heimspiel gegen Erzgebirge Aue. &nbsp; 21.10.2016 Ausw\u00e4rtsfahrt zum VfB Stuttgart, bei denen wir leider mit 2:1 verloren haben. &nbsp; 16.10.2016 Heimspiel gegen Fortuna D\u00fcsseldorf. &nbsp; 08.10.2016 Die Regionsversammlung fand bei uns im im Vereinslokal Gasthaus am See statt und es kam der Vize-Pr\u00e4sident des TSV 1860 M\u00fcnchen, Hans Sitzberger, in Begleitung seiner Frau, mit ARGE-Vorstand Gerhard Schnell und mit der Fanbeauftragten des TSV 1860 M\u00fcnchen Jutta Schnell vorbei. &nbsp; 02.10.2016 Ausw\u00e4rtsfahrt zu den W\u00fcrzburger Kickers, bei denen wir leider mit 2:0 unter gingen. &nbsp; 25.09.2016 Auch heuer waren wir wieder in Knadlarn auf dem Oktoberfest dabei! &nbsp; 25.09.2016 Heimspiel gegen den Absteiger aus der 1. Bundesliga, Hannover 96. &nbsp; 16.09.2016 Heimspiel gegen den 1. FC Union [&hellip;]<\/p>\n","protected":false},"author":1,"featured_media":0,"parent":0,"menu_order":0,"comment_status":"closed","ping_status":"closed","template":"","meta":{"ngg_post_thumbnail":0,"jetpack_post_was_ever_published":false,"footnotes":""},"class_list":["post-205","page","type-page","status-publish","hentry"],"jetpack_sharing_enabled":true,"jetpack_shortlink":"https:\/\/wp.me\/P7h1s1-3j","_links":{"self":[{"href":"http:\/\/seeloewen-unteriglbach.de\/Startseite\/wp-json\/wp\/v2\/pages\/205","targetHints":{"allow":["GET"]}}],"collection":[{"href":"http:\/\/seeloewen-unteriglbach.de\/Startseite\/wp-json\/wp\/v2\/pages"}],"about":[{"href":"http:\/\/seeloewen-unteriglbach.de\/Startseite\/wp-json\/wp\/v2\/types\/page"}],"author":[{"embeddable":true,"href":"http:\/\/seeloewen-unteriglbach.de\/Startseite\/wp-json\/wp\/v2\/users\/1"}],"replies":[{"embeddable":true,"href":"http:\/\/seeloewen-unteriglbach.de\/Startseite\/wp-json\/wp\/v2\/comments?post=205"}],"version-history":[{"count":29,"href":"http:\/\/seeloewen-unteriglbach.de\/Startseite\/wp-json\/wp\/v2\/pages\/205\/revisions"}],"predecessor-version":[{"id":4685,"href":"http:\/\/seeloewen-unteriglbach.de\/Startseite\/wp-json\/wp\/v2\/pages\/205\/revisions\/4685"}],"wp:attachment":[{"href":"http:\/\/seeloewen-unteriglbach.de\/Startseite\/wp-json\/wp\/v2\/media?parent=205"}],"curies":[{"name":"wp","href":"https:\/\/api.w.org\/{rel}","templated":true}]}}