{"id":100,"date":"2016-02-26T17:48:44","date_gmt":"2016-02-26T17:48:44","guid":{"rendered":"http:\/\/seeloewen-unteriglbach.de\/?page_id=100"},"modified":"2016-02-26T18:02:22","modified_gmt":"2016-02-26T18:02:22","slug":"bericht-jahreshauptversammlung-2012","status":"publish","type":"page","link":"https:\/\/seeloewen-unteriglbach.de\/Startseite\/bericht-jahreshauptversammlung-2012\/","title":{"rendered":"Bericht 2012 &#8211; Jahreshauptversammlung"},"content":{"rendered":"<p>&nbsp;<\/p>\n<p>Unteriglbach:<\/p>\n<p>Der R\u00fcckblick auf das abgelaufene Jahr, Neuwahlen sowie die Bekanntgabe des R\u00fcckrundenspielplanes f\u00fcr die L\u00f6wen, kennzeichneten die Jahreshauptversammlung des TSV 1860 M\u00fcnchen Fanclubs Seel\u00f6wen Unteriglbach. Die Veranstaltung begann mit einem Gottesdienst f\u00fcr die verstorbenen Vereinsmitglieder. Pater Niko und Herr Pfarrer Tr\u00f6ge gestalteten das heilige Messopfer, das Totengedenken sprach Daniela Pangratz.<\/p>\n<p>Im Vereinlokal Gasthaus am See zeigte sich der 1. Vorstand Alois Hofbauer hocherfreut \u00fcber den guten Besuch und er begr\u00fc\u00dfte namentlich 1. B\u00fcrgermeister Hans Halser, den Gr\u00fcndungsvorstand Peter Kerl sowie seinen Vorg\u00e4nger, Sigi H\u00f6ldobler mit Elisabeth Roitner. Au\u00dferdem verlas der Vorstand einige Entschuldigungen, u. a. vom Vizepr\u00e4sidenten des TSV 1860 M\u00fcnchen und Seel\u00f6wen- Mitglied Wolfgang Hauner.<\/p>\n<p>Nach Vorstellung der Tagesordnung gedachte man in einer Schweigeminute des im Berichtszeitraum verstorbenen Mitgliedes Franz Galiger.<\/p>\n<p>In einer Power- Point- Pr\u00e4sentation gab Vorsitzender Alois Hofbauer seinen Bericht, der durch ein ereignisreiches Jahre f\u00fchrte, eindrucksvoll ab. Das Wichtigste waren nat\u00fcrlich die Busfahrten zu den Punktespielen der L\u00f6wen. Ingesamt wurden 14 Heimspiele der 60-ziger und das Ausw\u00e4rtsspiel\u00a0 in Ingolstadt besucht. Mit der besten Bilanz der letzten Jahre, n\u00e4mlich 10 Siege, 3 Unentschieden und nur 2 Niederlagen konnten sich die 442 bef\u00f6rderten Teilnehmer \u00fcber einen Punktestand von 33:9 und dem Torverh\u00e4ltnis von 37:14 freuen. Die 12 Monatversammlungen wurden im Durchschnitt von 20,7 Personen besucht, im Vorjahr waren es 22,8 Teilnehmer. Bei allen Stammtisch-Abenden waren anwesend: Eberle Gerda, Hofbauer Alois, Kerl Michael, Lindinger Georg, M\u00fcnsterer Hans und Weinberger Susanne. Nur einmal fehlten Roland Bergmeier, Hopper Andi und Lorenz Sepp. F\u00fcr 10 Versammlungsbesuche wurden noch geehrt, Hofbauer Rudi und Petermichl Rolf.<\/p>\n<p>Das Sommernachtsfest und die vereinsinterne Nikolausfeier schlossen mit Rekordbesuchen ab. Selbstverst\u00e4ndlich beteiligten sich die Seel\u00f6wen mit Abordnungen bei den Festen der Ortsvereine. Die Fu\u00dfballmannschaft des Vereins nahm am Vatertagsturnier des FC Unteriglbach und am Hallenturnier der L\u00f6wenfreunde Engertsham teil und belegte hier vor ein paar Wochen einen tollen 4. Platz. Ein weiterer H\u00f6hepunkt war der Besuch der Regionsfeier am 24.7.2011 in Zenting. Die L\u00f6wenspieler Benny Lauth, Timo Ochs und Dominik Stahl nahmen sich einen ganzen Nachmittag Zeit, die Fragen der Fans zu beantworten, Autogramme zu schreiben und f\u00fcr Fotos zur Verf\u00fcgung zu stehen. Die Seel\u00f6wen waren mit 22 Teilnehmern der st\u00e4rkste Fanclub.<\/p>\n<p>Tradition bei den Seel\u00f6wen-Mitgliedern haben auch schon die Pfingstmontag- Wanderung nach Rainding, der Biergarten Besuch Mariakirchen, die Teilnahme am Volksfestumzug in Ortenburg und die Teilnahme beim Oktoberfest in Knadlarn.<\/p>\n<p>Eine tolle Veranstaltung f\u00fcr wieder zahlreiche Seel\u00f6wen war die 1860 Party im Sax\u00b4is Shop in Passau\u00a0 am 3. Okt.2011 bei der Trainer Rainer Maurer und der Spieler Kai B\u00fclow anwesend waren.<\/p>\n<p>Die beiden Vorst\u00e4nde Alois Hofbauer und Kerl Michael waren zudem bei einer Delegierten- Versammlung, bei zwei Fanclub-Gespr\u00e4chen mit Pr\u00e4sident Dieter Schneider und bei ARGE-Versammlungen in Wolnzach \u00fcber 2.100 Kilometer f\u00fcr den Fanclub unterwegs.<\/p>\n<p>In einer weiteren \u00dcbersicht zeigte der Vorsitzende die Altersstruktur der Mitglieder auf. Das j\u00fcngste Mitglied ist 2 Jahre, die beiden \u00c4ltesten sind 75 Jahre alt. Nach der Statistik sind\u00a0 drei Altersstufen fast gleich auf; 42 Mitglieder sind von 0-20 Jahre eingetragen, 21-30 Jahre alt sind 40 Mitglieder und 31-40 Jahre sind 41 Mitglieder. Der Mitgliederstand betr\u00e4gt bei 4 Abg\u00e4ngen (Tod und K\u00fcndigungen) sowie bei 14 Neuaufnahmen den H\u00f6chststand von 229 Personen. Die neuen Mitglieder sind:<\/p>\n<p>Langner Carolin, Raps Thomas, Hilzendegen Heinrich, Bachhuber Johann, Piller Mario, Schie\u00dfl Julian, Dobler Alfons, Meyerhofer Thomas, Schott Hans, D\u00f6tter Oskar, Zellner Maximilian, Schenke Klaus, Sonnleitner Josef und K\u00f6ckerandl Simon.<\/p>\n<p>Aus dem Bericht von Kassier Alois Praml ging hervor, dass heuer nach den geringen Defiziten der Vorjahre wieder schwarze Zahlen geschrieben wurden und ein Gewinn von 1.313,58 \u20ac dem soliden Kassenstand zugef\u00fchrt werden konnte. Die Kassenpr\u00fcfer Renate Stirner und Franz \u00d6ller best\u00e4tigten eine ordentliche Kassenarbeit und daraufhin erfolgte die einstimmige Entlastung.<\/p>\n<p>Den Tagesordnungspunkt Neuwahlen erledigte 1. B\u00fcrgermeister Hans Halser mit den Wahlhelfern Renate Stirner und Daniela Pangratz. 1. Vorstand bleibt Alois Hofbauer, 2. Vorstand Kerl Michael und Schriftf\u00fchrer Rudi Hofbauer. Beisitzer bleiben Assert Stephan, Lindinger Georg und Weinberger Susanne. Wieder gew\u00e4hlt wurden auch die Kassenpr\u00fcfer Renate Stirner und Franz \u00d6ller. Neu gew\u00e4hlt wurden als Kassier Christa Lindinger f\u00fcr Alois Praml und als Beisitzer Peter Hans f\u00fcr Bergmeier Roland.<\/p>\n<p>Abschlie\u00dfend bedankte sich 1. Vorstand Alois Hofbauer bei den ausgeschiedenen Mitgliedern, Alois Praml f\u00fcr die arbeitsintensive und korrekte Kassenverwaltung und beim Bergmeier Roland f\u00fcr seine T\u00e4tigkeit als Beisitzer.<\/p>\n<p>In seinem Gru\u00dfwort lobte der B\u00fcrgermeister die professionelle Abwicklung der ganzen Generalversammlung, vor allem wie alle Daten, Fakten, Statistiken und der Kassenbericht \u00fcbersichtlich per Beamer aufbereitet waren.<\/p>\n<p>Besonders freue ihn, so der B\u00fcrgermeister, dass bei \u201eunserem\u201c Ortenburger-Volksfest der Sechziger-Fanclub sich jedes Jahr so zahlreich am Umzug beteiligt.<\/p>\n<p>Mit den Hinweisen auf die Fahrten zu den restlichen R\u00fcckrundenspielen der Sechziger und der Darstellung von Fotos und lustigen Schnappsch\u00fcssen aus dem Berichtszeitraum durch Schos Lindinger endete die Jahreshauptversammlung.<\/p>\n<p>Abschlie\u00dfend dankte Vorstand Alois Hofbauer allen Mitgliedern, die sich durch den Fanclub in das gesellschaftliche Leben der Gemeinde einbringen, die Aktivit\u00e4ten der \u201eSeel\u00f6wen\u201c durch ihre Teilnahme mitgestalten und somit das Vereinsleben aufrechterhalten.<\/p>\n<p>&nbsp;<\/p>\n<p>&nbsp;<\/p>\n","protected":false},"excerpt":{"rendered":"<p>&nbsp; Unteriglbach: Der R\u00fcckblick auf das abgelaufene Jahr, Neuwahlen sowie die Bekanntgabe des R\u00fcckrundenspielplanes f\u00fcr die L\u00f6wen, kennzeichneten die Jahreshauptversammlung des TSV 1860 M\u00fcnchen Fanclubs Seel\u00f6wen Unteriglbach. Die Veranstaltung begann mit einem Gottesdienst f\u00fcr die verstorbenen Vereinsmitglieder. Pater Niko und Herr Pfarrer Tr\u00f6ge gestalteten das heilige Messopfer, das Totengedenken sprach Daniela Pangratz. Im Vereinlokal Gasthaus am See zeigte sich der 1. Vorstand Alois Hofbauer hocherfreut \u00fcber den guten Besuch und er begr\u00fc\u00dfte namentlich 1. B\u00fcrgermeister Hans Halser, den Gr\u00fcndungsvorstand Peter Kerl sowie seinen Vorg\u00e4nger, Sigi H\u00f6ldobler mit Elisabeth Roitner. Au\u00dferdem verlas der Vorstand einige Entschuldigungen, u. a. vom Vizepr\u00e4sidenten des TSV 1860 M\u00fcnchen und Seel\u00f6wen- Mitglied Wolfgang Hauner. Nach Vorstellung der Tagesordnung gedachte man in einer Schweigeminute des im Berichtszeitraum verstorbenen Mitgliedes Franz Galiger. In einer Power- Point- Pr\u00e4sentation gab Vorsitzender Alois Hofbauer seinen Bericht, der durch ein ereignisreiches Jahre f\u00fchrte, eindrucksvoll ab. Das Wichtigste waren nat\u00fcrlich die Busfahrten zu den Punktespielen der L\u00f6wen. Ingesamt wurden 14 Heimspiele der 60-ziger und das Ausw\u00e4rtsspiel\u00a0 in Ingolstadt besucht. Mit der besten Bilanz der letzten Jahre, n\u00e4mlich 10 Siege, 3 Unentschieden und nur 2 Niederlagen konnten sich die 442 bef\u00f6rderten Teilnehmer \u00fcber einen Punktestand von 33:9 und dem Torverh\u00e4ltnis von 37:14 freuen. Die [&hellip;]<\/p>\n","protected":false},"author":1,"featured_media":0,"parent":0,"menu_order":0,"comment_status":"closed","ping_status":"closed","template":"","meta":{"ngg_post_thumbnail":0,"jetpack_post_was_ever_published":false,"footnotes":""},"class_list":["post-100","page","type-page","status-publish","hentry"],"jetpack_sharing_enabled":true,"jetpack_shortlink":"https:\/\/wp.me\/P7h1s1-1C","_links":{"self":[{"href":"https:\/\/seeloewen-unteriglbach.de\/Startseite\/wp-json\/wp\/v2\/pages\/100","targetHints":{"allow":["GET"]}}],"collection":[{"href":"https:\/\/seeloewen-unteriglbach.de\/Startseite\/wp-json\/wp\/v2\/pages"}],"about":[{"href":"https:\/\/seeloewen-unteriglbach.de\/Startseite\/wp-json\/wp\/v2\/types\/page"}],"author":[{"embeddable":true,"href":"https:\/\/seeloewen-unteriglbach.de\/Startseite\/wp-json\/wp\/v2\/users\/1"}],"replies":[{"embeddable":true,"href":"https:\/\/seeloewen-unteriglbach.de\/Startseite\/wp-json\/wp\/v2\/comments?post=100"}],"version-history":[{"count":2,"href":"https:\/\/seeloewen-unteriglbach.de\/Startseite\/wp-json\/wp\/v2\/pages\/100\/revisions"}],"predecessor-version":[{"id":108,"href":"https:\/\/seeloewen-unteriglbach.de\/Startseite\/wp-json\/wp\/v2\/pages\/100\/revisions\/108"}],"wp:attachment":[{"href":"https:\/\/seeloewen-unteriglbach.de\/Startseite\/wp-json\/wp\/v2\/media?parent=100"}],"curies":[{"name":"wp","href":"https:\/\/api.w.org\/{rel}","templated":true}]}}