{"id":104,"date":"2016-02-26T18:00:07","date_gmt":"2016-02-26T18:00:07","guid":{"rendered":"http:\/\/seeloewen-unteriglbach.de\/?page_id=104"},"modified":"2016-02-26T18:00:07","modified_gmt":"2016-02-26T18:00:07","slug":"bericht-2012-kleinfeldturnier-in-aigen-am-inn","status":"publish","type":"page","link":"https:\/\/seeloewen-unteriglbach.de\/Startseite\/bericht-2012-kleinfeldturnier-in-aigen-am-inn\/","title":{"rendered":"Bericht 2012 &#8211; Kleinfeldturnier in Aigen am Inn"},"content":{"rendered":"<p>&nbsp;<\/p>\n<p>Anl\u00e4\u00dflich des 15-j\u00e4hrigen bestehens des L\u00f6wenfanclub Inntal-L\u00f6wen Aigen a. Inn, nahmen die Seel\u00f6wen am Kleinfeldturnier, am Samstag, 30. Juni 2012, teil.<\/p>\n<p>Von sechs Mannschaften konnte sich die junge Truppe (ohne Gegentor) den 1. Platz erk\u00e4mpfen.<br \/>\n5 Spiele: davon 4 gewonnen und eins unentschieden.<\/p>\n<p>Torsch\u00fctzen:<br \/>\nPhilipp Bieringer 4, Patrick Maier 3, Thomas Meyerhofer 1 (7 Meter)<\/p>\n<p>Bei Temperaturen um die 34\u00b0 wahr es nicht leicht.<\/p>\n<p>Spieler:<br \/>\nSebastian Hofbauer, Thomas Meyerhofer, Stephan Assert, Tobias Steinleitner, Patrick Maier, Philipp Bieringer<\/p>\n<p>1. Seel\u00f6wen Unteriglbach<br \/>\n2. Absolut-Team<br \/>\n3. L\u00f6wenfreunde Engertsham<br \/>\n4. 1860 Allstars<br \/>\n5. Hubertussch\u00fctzen<br \/>\n6. Inntal-L\u00f6wen<\/p>\n<p>&nbsp;<\/p>\n<p>&nbsp;<\/p>\n","protected":false},"excerpt":{"rendered":"<p>&nbsp; Anl\u00e4\u00dflich des 15-j\u00e4hrigen bestehens des L\u00f6wenfanclub Inntal-L\u00f6wen Aigen a. Inn, nahmen die Seel\u00f6wen am Kleinfeldturnier, am Samstag, 30. Juni 2012, teil. Von sechs Mannschaften konnte sich die junge Truppe (ohne Gegentor) den 1. Platz erk\u00e4mpfen. 5 Spiele: davon 4 gewonnen und eins unentschieden. Torsch\u00fctzen: Philipp Bieringer 4, Patrick Maier 3, Thomas Meyerhofer 1 (7 Meter) Bei Temperaturen um die 34\u00b0 wahr es nicht leicht. Spieler: Sebastian Hofbauer, Thomas Meyerhofer, Stephan Assert, Tobias Steinleitner, Patrick Maier, Philipp Bieringer 1. Seel\u00f6wen Unteriglbach 2. Absolut-Team 3. L\u00f6wenfreunde Engertsham 4. 1860 Allstars 5. Hubertussch\u00fctzen 6. Inntal-L\u00f6wen &nbsp; &nbsp;<\/p>\n","protected":false},"author":1,"featured_media":0,"parent":0,"menu_order":0,"comment_status":"closed","ping_status":"closed","template":"","meta":{"ngg_post_thumbnail":0,"jetpack_post_was_ever_published":false,"footnotes":""},"class_list":["post-104","page","type-page","status-publish","hentry"],"jetpack_sharing_enabled":true,"jetpack_shortlink":"https:\/\/wp.me\/P7h1s1-1G","_links":{"self":[{"href":"https:\/\/seeloewen-unteriglbach.de\/Startseite\/wp-json\/wp\/v2\/pages\/104","targetHints":{"allow":["GET"]}}],"collection":[{"href":"https:\/\/seeloewen-unteriglbach.de\/Startseite\/wp-json\/wp\/v2\/pages"}],"about":[{"href":"https:\/\/seeloewen-unteriglbach.de\/Startseite\/wp-json\/wp\/v2\/types\/page"}],"author":[{"embeddable":true,"href":"https:\/\/seeloewen-unteriglbach.de\/Startseite\/wp-json\/wp\/v2\/users\/1"}],"replies":[{"embeddable":true,"href":"https:\/\/seeloewen-unteriglbach.de\/Startseite\/wp-json\/wp\/v2\/comments?post=104"}],"version-history":[{"count":1,"href":"https:\/\/seeloewen-unteriglbach.de\/Startseite\/wp-json\/wp\/v2\/pages\/104\/revisions"}],"predecessor-version":[{"id":105,"href":"https:\/\/seeloewen-unteriglbach.de\/Startseite\/wp-json\/wp\/v2\/pages\/104\/revisions\/105"}],"wp:attachment":[{"href":"https:\/\/seeloewen-unteriglbach.de\/Startseite\/wp-json\/wp\/v2\/media?parent=104"}],"curies":[{"name":"wp","href":"https:\/\/api.w.org\/{rel}","templated":true}]}}