{"id":106,"date":"2016-02-26T18:01:36","date_gmt":"2016-02-26T18:01:36","guid":{"rendered":"http:\/\/seeloewen-unteriglbach.de\/?page_id=106"},"modified":"2016-02-26T18:01:36","modified_gmt":"2016-02-26T18:01:36","slug":"bericht-2012-nikolaus","status":"publish","type":"page","link":"https:\/\/seeloewen-unteriglbach.de\/Startseite\/bericht-2012-nikolaus\/","title":{"rendered":"Bericht 2012 &#8211; Nikolaus"},"content":{"rendered":"<p>&nbsp;<\/p>\n<p>Unteriglbach:<\/p>\n<p>Die Nikolausfeier des 1860 M\u00fcnchen Fanclubs- Seel\u00f6wen Unteriglbach- hat 1.Vorstand Alois Hofbauer genutzt, um sich bei den treuen und flei\u00dfigen L\u00f6wenfans zu bedanken. Der Saal im Vereinslokal Gasthaus am See war schon beim gemeinsamen Mittagessen voll belegt und die Verantwortlichen freuten sich besonders \u00fcber die zahlreiche Beteiligung von Kindern und Jugendlichen, obwohl durch eine zeitgleiche Feier einige junge Fu\u00dfballer verhindert waren. Einen besonderen Willkommensgru\u00df bekamen der Gr\u00fcndungsvorstand Peter Kerl mit Frau Conny, der langj\u00e4hrige Vorsitzende Sigi H\u00f6ldobler mit Elisabeth, 1. B\u00fcrgermeister Hans Halser mit Gattin Frieda und der 1 Vorstand Hans Bachhuber vom befreundeten L\u00f6wen-Fanclub aus Engertsham. Den Wirtsleuten Lisa und Erich K\u00f6ckerandl dankte er f\u00fcr die sch\u00f6ne wei\u00df -blaue Dekoration im Veranstaltungsraum.<\/p>\n<p>Die Einstimmung auf die bevorstehende staade Zeit wurde mit Adventsgedichten, vorgetragen von Daniela Pangratz eingeleitet. Musikalisch umrahmt wurde die Feier von Maria Wimmer und Sohn Julian, die mit Liedern und Zithermusik f\u00fcr besinnliche Stimmung sorgten. Der heilige Nikolaus (Wolfgang Schie\u00dfl) verteilte Lob an die Fangemeinde der Seel\u00f6wen. Nur ganz selten musste der Kramperl (Stephan Assert) mit seiner Rute in Aktion treten. Zum Schluss gab es nat\u00fcrlich noch 60-ziger Nikol\u00e4use und Vereinsgeschenke vom Fanclub. Mit Kaffee und Kuchen sowie einer reichhaltigen Tombola &#8211; den Spendern sei auf diesem Wege nochmals gedankt- endete die harmonische Feier.<\/p>\n<p>&nbsp;<\/p>\n<p>&nbsp;<\/p>\n","protected":false},"excerpt":{"rendered":"<p>&nbsp; Unteriglbach: Die Nikolausfeier des 1860 M\u00fcnchen Fanclubs- Seel\u00f6wen Unteriglbach- hat 1.Vorstand Alois Hofbauer genutzt, um sich bei den treuen und flei\u00dfigen L\u00f6wenfans zu bedanken. Der Saal im Vereinslokal Gasthaus am See war schon beim gemeinsamen Mittagessen voll belegt und die Verantwortlichen freuten sich besonders \u00fcber die zahlreiche Beteiligung von Kindern und Jugendlichen, obwohl durch eine zeitgleiche Feier einige junge Fu\u00dfballer verhindert waren. Einen besonderen Willkommensgru\u00df bekamen der Gr\u00fcndungsvorstand Peter Kerl mit Frau Conny, der langj\u00e4hrige Vorsitzende Sigi H\u00f6ldobler mit Elisabeth, 1. B\u00fcrgermeister Hans Halser mit Gattin Frieda und der 1 Vorstand Hans Bachhuber vom befreundeten L\u00f6wen-Fanclub aus Engertsham. Den Wirtsleuten Lisa und Erich K\u00f6ckerandl dankte er f\u00fcr die sch\u00f6ne wei\u00df -blaue Dekoration im Veranstaltungsraum. Die Einstimmung auf die bevorstehende staade Zeit wurde mit Adventsgedichten, vorgetragen von Daniela Pangratz eingeleitet. Musikalisch umrahmt wurde die Feier von Maria Wimmer und Sohn Julian, die mit Liedern und Zithermusik f\u00fcr besinnliche Stimmung sorgten. Der heilige Nikolaus (Wolfgang Schie\u00dfl) verteilte Lob an die Fangemeinde der Seel\u00f6wen. Nur ganz selten musste der Kramperl (Stephan Assert) mit seiner Rute in Aktion treten. Zum Schluss gab es nat\u00fcrlich noch 60-ziger Nikol\u00e4use und Vereinsgeschenke vom Fanclub. Mit Kaffee und Kuchen sowie einer reichhaltigen Tombola &#8211; den Spendern sei [&hellip;]<\/p>\n","protected":false},"author":1,"featured_media":0,"parent":0,"menu_order":0,"comment_status":"closed","ping_status":"closed","template":"","meta":{"ngg_post_thumbnail":0,"jetpack_post_was_ever_published":false,"footnotes":""},"class_list":["post-106","page","type-page","status-publish","hentry"],"jetpack_sharing_enabled":true,"jetpack_shortlink":"https:\/\/wp.me\/P7h1s1-1I","_links":{"self":[{"href":"https:\/\/seeloewen-unteriglbach.de\/Startseite\/wp-json\/wp\/v2\/pages\/106","targetHints":{"allow":["GET"]}}],"collection":[{"href":"https:\/\/seeloewen-unteriglbach.de\/Startseite\/wp-json\/wp\/v2\/pages"}],"about":[{"href":"https:\/\/seeloewen-unteriglbach.de\/Startseite\/wp-json\/wp\/v2\/types\/page"}],"author":[{"embeddable":true,"href":"https:\/\/seeloewen-unteriglbach.de\/Startseite\/wp-json\/wp\/v2\/users\/1"}],"replies":[{"embeddable":true,"href":"https:\/\/seeloewen-unteriglbach.de\/Startseite\/wp-json\/wp\/v2\/comments?post=106"}],"version-history":[{"count":1,"href":"https:\/\/seeloewen-unteriglbach.de\/Startseite\/wp-json\/wp\/v2\/pages\/106\/revisions"}],"predecessor-version":[{"id":107,"href":"https:\/\/seeloewen-unteriglbach.de\/Startseite\/wp-json\/wp\/v2\/pages\/106\/revisions\/107"}],"wp:attachment":[{"href":"https:\/\/seeloewen-unteriglbach.de\/Startseite\/wp-json\/wp\/v2\/media?parent=106"}],"curies":[{"name":"wp","href":"https:\/\/api.w.org\/{rel}","templated":true}]}}