{"id":1169,"date":"2016-06-01T16:59:30","date_gmt":"2016-06-01T16:59:30","guid":{"rendered":"http:\/\/seeloewen-unteriglbach.de\/?page_id=1169"},"modified":"2016-06-01T17:38:07","modified_gmt":"2016-06-01T17:38:07","slug":"bilder-2012","status":"publish","type":"page","link":"https:\/\/seeloewen-unteriglbach.de\/Startseite\/bilder-2012\/","title":{"rendered":"Bilder 2012"},"content":{"rendered":"<p style=\"text-align: center;\">Falls jemand Fotos bei Fahrten nach M\u00fcnchen, Ausw\u00e4rtsspielen, Veranstaltungen usw. gemacht hat, kann er diese gerne an unseren Verein weitergeben, damit diese hier ver\u00f6ffentlicht werden.<\/p>\n<p>&nbsp;<\/p>\n<p><strong><u>09.12.2012<\/u><\/strong><br \/>\nAusw\u00e4rtsfahrt zum Bayerischen Derby nach Regenburg gegen den Jahn.<\/p>\n<p><strong>ngg_shortcode_0_placeholder<\/strong><\/p>\n<p>&nbsp;<\/p>\n<p><strong><u>02.12.2012<\/u><\/strong><br \/>\nUnsere Nikolaus-Feier beim Seewirt.<\/p>\n<p><strong>ngg_shortcode_1_placeholder<\/strong><\/p>\n<p>&nbsp;<\/p>\n<p><strong><u>24.11.2012<\/u><\/strong><br \/>\n&#8222;Wir fahren nach Berlin!&#8220; nahmen sich die Seel\u00f6wen Ernst und verbrachten ein Wochenende in Berlin und besuchten zugleich das Ausw\u00e4rtsspiel gegen Union Berlin.<\/p>\n<p><strong>ngg_shortcode_2_placeholder<\/strong><\/p>\n<p>&nbsp;<\/p>\n<p><strong><u>26.08.2012<\/u><\/strong><br \/>\nAusw\u00e4rtsfahrt mit den Inntall\u00f6wen Aigen und L\u00f6wenfreunde Asbach nach Kaiserslautern.<\/p>\n<p><strong>ngg_shortcode_3_placeholder<\/strong><\/p>\n<p>&nbsp;<\/p>\n<p><strong><u>04.08.2012<\/u><\/strong><br \/>\n1:0 Heimsieg der L\u00f6wen gegen den Jahn Regensburg.<\/p>\n<p><strong>ngg_shortcode_4_placeholder<\/strong><\/p>\n<p>&nbsp;<\/p>\n<p><strong><u>10.05.2012<\/u><\/strong><br \/>\nGastspiel unserer L\u00f6wen in Hengersberg. Hier ergaben sich nat\u00fcrlich viele Schnappsch\u00fcsse mit unseren Spielern.<\/p>\n<p><strong>ngg_shortcode_5_placeholder<\/strong><\/p>\n<p>&nbsp;<\/p>\n<p><strong><u>29.04.2012<\/u><\/strong><br \/>\nAusw\u00e4rtsfahrt zum letzten Saisonspiel gegen den bereits feststehenden Aufsteiger Eintracht Frankfurt.<\/p>\n<p><strong>ngg_shortcode_6_placeholder<\/strong><\/p>\n<p>&nbsp;<\/p>\n<p><strong><u>31.03.2012<\/u><\/strong><br \/>\nHeimsieg der L\u00f6wen gegen Hansa Rostock.<\/p>\n<p><strong>ngg_shortcode_7_placeholder<\/strong><\/p>\n<p>&nbsp;<\/p>\n","protected":false},"excerpt":{"rendered":"<p>Falls jemand Fotos bei Fahrten nach M\u00fcnchen, Ausw\u00e4rtsspielen, Veranstaltungen usw. gemacht hat, kann er diese gerne an unseren Verein weitergeben, damit diese hier ver\u00f6ffentlicht werden. &nbsp; 09.12.2012 Ausw\u00e4rtsfahrt zum Bayerischen Derby nach Regenburg gegen den Jahn. &nbsp; 02.12.2012 Unsere Nikolaus-Feier beim Seewirt. &nbsp; 24.11.2012 &#8222;Wir fahren nach Berlin!&#8220; nahmen sich die Seel\u00f6wen Ernst und verbrachten ein Wochenende in Berlin und besuchten zugleich das Ausw\u00e4rtsspiel gegen Union Berlin. &nbsp; 26.08.2012 Ausw\u00e4rtsfahrt mit den Inntall\u00f6wen Aigen und L\u00f6wenfreunde Asbach nach Kaiserslautern. &nbsp; 04.08.2012 1:0 Heimsieg der L\u00f6wen gegen den Jahn Regensburg. &nbsp; 10.05.2012 Gastspiel unserer L\u00f6wen in Hengersberg. Hier ergaben sich nat\u00fcrlich viele Schnappsch\u00fcsse mit unseren Spielern. &nbsp; 29.04.2012 Ausw\u00e4rtsfahrt zum letzten Saisonspiel gegen den bereits feststehenden Aufsteiger Eintracht Frankfurt. &nbsp; 31.03.2012 Heimsieg der L\u00f6wen gegen Hansa Rostock. &nbsp;<\/p>\n","protected":false},"author":1,"featured_media":0,"parent":0,"menu_order":0,"comment_status":"closed","ping_status":"closed","template":"","meta":{"ngg_post_thumbnail":0,"jetpack_post_was_ever_published":false,"footnotes":""},"class_list":["post-1169","page","type-page","status-publish","hentry"],"jetpack_sharing_enabled":true,"jetpack_shortlink":"https:\/\/wp.me\/P7h1s1-iR","_links":{"self":[{"href":"https:\/\/seeloewen-unteriglbach.de\/Startseite\/wp-json\/wp\/v2\/pages\/1169","targetHints":{"allow":["GET"]}}],"collection":[{"href":"https:\/\/seeloewen-unteriglbach.de\/Startseite\/wp-json\/wp\/v2\/pages"}],"about":[{"href":"https:\/\/seeloewen-unteriglbach.de\/Startseite\/wp-json\/wp\/v2\/types\/page"}],"author":[{"embeddable":true,"href":"https:\/\/seeloewen-unteriglbach.de\/Startseite\/wp-json\/wp\/v2\/users\/1"}],"replies":[{"embeddable":true,"href":"https:\/\/seeloewen-unteriglbach.de\/Startseite\/wp-json\/wp\/v2\/comments?post=1169"}],"version-history":[{"count":3,"href":"https:\/\/seeloewen-unteriglbach.de\/Startseite\/wp-json\/wp\/v2\/pages\/1169\/revisions"}],"predecessor-version":[{"id":1490,"href":"https:\/\/seeloewen-unteriglbach.de\/Startseite\/wp-json\/wp\/v2\/pages\/1169\/revisions\/1490"}],"wp:attachment":[{"href":"https:\/\/seeloewen-unteriglbach.de\/Startseite\/wp-json\/wp\/v2\/media?parent=1169"}],"curies":[{"name":"wp","href":"https:\/\/api.w.org\/{rel}","templated":true}]}}