{"id":134,"date":"2016-02-26T18:49:44","date_gmt":"2016-02-26T18:49:44","guid":{"rendered":"http:\/\/seeloewen-unteriglbach.de\/?page_id=134"},"modified":"2018-07-19T16:17:31","modified_gmt":"2018-07-19T16:17:31","slug":"links","status":"publish","type":"page","link":"https:\/\/seeloewen-unteriglbach.de\/Startseite\/links\/","title":{"rendered":"Links"},"content":{"rendered":"<p>&nbsp;<\/p>\n<table width=\"694\">\n<tbody>\n<tr>\n<td>&nbsp;\n<p><a href=\"http:\/\/www.tsv1860.de\/\">www.tsv1860.de&nbsp;<\/a><br \/>\n<a href=\"http:\/\/www.arge-tsv1860.de\/\">www.arge-tsv1860.de&nbsp;<\/a><br \/>\n<a href=\"https:\/\/de.wikipedia.org\/wiki\/St%C3%A4dtisches_Stadion_an_der_Gr%C3%BCnwalder_Stra%C3%9Fe\">Wikipedia &#8211; Gr\u00fcnwalder Stadion<\/a><br \/>\n<a href=\"http:\/\/new.gruenwalder-stadion.com\/\">www.gruenwalder-stadion.com<\/a><\/p>\n<p>&nbsp;<\/p>\n<p><a href=\"http:\/\/www.bundesliga.de\/\">www.bundesliga.de<\/a><br \/>\n<a href=\"http:\/\/www.dfb.de\/\">www.dfb.de<\/a><br \/>\n<a href=\"http:\/\/www.sport1.de\/\">www.sport1.de<\/a><br \/>\n<a href=\"http:\/\/www.tz.de\/sport\/1860-muenchen\/\">www.tz.de\/sport\/1860-muenchen\/<\/a><br \/>\n<a href=\"http:\/\/www.dieblaue24.com\/\">www.dieblaue24.com<\/a><br \/>\n<a href=\"http:\/\/www.loewenforum.de\">www.loewenforum.de<\/a><\/p>\n<p>&nbsp;<\/p>\n<p><a href=\"http:\/\/www.loewen-fan-club-plattling-78.de.tl\/\">www.loewen-fan-club-plattling-78.de.tl<\/a><br \/>\n<a href=\"http:\/\/www.loewenfreunde-engertsham.de\/\">www.loewenfreunde-engertsham.de<\/a><br \/>\n<a href=\"http:\/\/www.guenzburger-loewen.de\/\">http:\/\/www.guenzburger-loewen.de<\/a><\/p>\n<p>&nbsp;<\/p>\n<p><a href=\"http:\/\/www.ortenburg.de\/\">www.ortenburg.de<\/a><br \/>\n<a href=\"http:\/\/www.fussball-passau.de\/\">www.fussball-passau.de<\/a><\/p>\n<p>&nbsp;<\/p><\/td>\n<td>&nbsp;\n<p>Offizielle Seite des TSV 1860<br \/>\nARGE der 60-Fanclubs<br \/>\nWikipedia Eintrag zum Gr\u00fcnwalder Stadion<br \/>\nFreunde des Sechz&#8217;ger Stadions<\/p>\n<p>&nbsp;<\/p>\n<p>Die Bundesliga<br \/>\nDeutscher Fu\u00dfballbund<br \/>\nSport1<br \/>\nTZ &#8211; M\u00fcnchen<br \/>\ndieBlaue24<br \/>\nDas L\u00f6wenforum<\/p>\n<p>&nbsp;<\/p>\n<p>L\u00f6wenfanclub Plattling<br \/>\nL\u00f6wenfreunde Engertsham<br \/>\nG\u00fcnzburger L\u00f6wen e.V.<\/p>\n<p>&nbsp;<\/p>\n<p>Ortenburg<br \/>\nFu\u00dfball im Raum Passau<\/p>\n<p>&nbsp;<\/p><\/td>\n<\/tr>\n<\/tbody>\n<\/table>\n<p>&nbsp;<\/p>\n","protected":false},"excerpt":{"rendered":"<p>&nbsp; &nbsp; www.tsv1860.de&nbsp; www.arge-tsv1860.de&nbsp; Wikipedia &#8211; Gr\u00fcnwalder Stadion www.gruenwalder-stadion.com &nbsp; www.bundesliga.de www.dfb.de www.sport1.de www.tz.de\/sport\/1860-muenchen\/ www.dieblaue24.com www.loewenforum.de &nbsp; www.loewen-fan-club-plattling-78.de.tl www.loewenfreunde-engertsham.de http:\/\/www.guenzburger-loewen.de &nbsp; www.ortenburg.de www.fussball-passau.de &nbsp; &nbsp; Offizielle Seite des TSV 1860 ARGE der 60-Fanclubs Wikipedia Eintrag zum Gr\u00fcnwalder Stadion Freunde des Sechz&#8217;ger Stadions &nbsp; Die Bundesliga Deutscher Fu\u00dfballbund Sport1 TZ &#8211; M\u00fcnchen dieBlaue24 Das L\u00f6wenforum &nbsp; L\u00f6wenfanclub Plattling L\u00f6wenfreunde Engertsham G\u00fcnzburger L\u00f6wen e.V. &nbsp; Ortenburg Fu\u00dfball im Raum Passau &nbsp; &nbsp;<\/p>\n","protected":false},"author":1,"featured_media":0,"parent":0,"menu_order":0,"comment_status":"closed","ping_status":"closed","template":"","meta":{"ngg_post_thumbnail":0,"jetpack_post_was_ever_published":false,"footnotes":""},"class_list":["post-134","page","type-page","status-publish","hentry"],"jetpack_sharing_enabled":true,"jetpack_shortlink":"https:\/\/wp.me\/P7h1s1-2a","_links":{"self":[{"href":"https:\/\/seeloewen-unteriglbach.de\/Startseite\/wp-json\/wp\/v2\/pages\/134","targetHints":{"allow":["GET"]}}],"collection":[{"href":"https:\/\/seeloewen-unteriglbach.de\/Startseite\/wp-json\/wp\/v2\/pages"}],"about":[{"href":"https:\/\/seeloewen-unteriglbach.de\/Startseite\/wp-json\/wp\/v2\/types\/page"}],"author":[{"embeddable":true,"href":"https:\/\/seeloewen-unteriglbach.de\/Startseite\/wp-json\/wp\/v2\/users\/1"}],"replies":[{"embeddable":true,"href":"https:\/\/seeloewen-unteriglbach.de\/Startseite\/wp-json\/wp\/v2\/comments?post=134"}],"version-history":[{"count":6,"href":"https:\/\/seeloewen-unteriglbach.de\/Startseite\/wp-json\/wp\/v2\/pages\/134\/revisions"}],"predecessor-version":[{"id":5491,"href":"https:\/\/seeloewen-unteriglbach.de\/Startseite\/wp-json\/wp\/v2\/pages\/134\/revisions\/5491"}],"wp:attachment":[{"href":"https:\/\/seeloewen-unteriglbach.de\/Startseite\/wp-json\/wp\/v2\/media?parent=134"}],"curies":[{"name":"wp","href":"https:\/\/api.w.org\/{rel}","templated":true}]}}