{"id":1509,"date":"2016-06-01T17:39:24","date_gmt":"2016-06-01T17:39:24","guid":{"rendered":"http:\/\/seeloewen-unteriglbach.de\/?page_id=1509"},"modified":"2016-06-01T18:31:28","modified_gmt":"2016-06-01T18:31:28","slug":"bilder-2011","status":"publish","type":"page","link":"https:\/\/seeloewen-unteriglbach.de\/Startseite\/bilder-2011\/","title":{"rendered":"Bilder 2011"},"content":{"rendered":"<p style=\"text-align: center;\">Falls jemand Fotos bei Fahrten nach M\u00fcnchen, Ausw\u00e4rtsspielen, Veranstaltungen usw. gemacht hat, kann er diese gerne an unseren Verein weitergeben, damit diese hier ver\u00f6ffentlicht werden.<\/p>\n<p>&nbsp;<\/p>\n<p><strong><u>26.11.2011<\/u><\/strong><br \/>\nHeimsieg der L\u00f6wen gegen Eintracht Frankfurt.<\/p>\n<p><strong>ngg_shortcode_0_placeholder<\/strong><\/p>\n<p>&nbsp;<\/p>\n<p><strong><u>18.11.2011<\/u><\/strong><br \/>\nAusw\u00e4rtsfahrt zum Bayerischen-Derby gegen den FC Ingolstadt.<\/p>\n<p><strong>ngg_shortcode_1_placeholder<\/strong><\/p>\n<p>&nbsp;<\/p>\n<p><strong><u>05.11.2011<\/u><\/strong><br \/>\nHeimspiel\u00a0gegen den VfL Bochum.<\/p>\n<p><strong>ngg_shortcode_2_placeholder<\/strong><\/p>\n<p>&nbsp;<\/p>\n<p><strong><u>03.10.2011<\/u><\/strong><br \/>\nNat\u00fcrlich lassen sich die Seel\u00f6wen eine 1860-Party beim Saxi&#8217;s-Shop in Passau mit Rainer Maurer und Kai B\u00fclow nicht entgehen!<\/p>\n<p><strong>ngg_shortcode_3_placeholder<\/strong><\/p>\n<p>&nbsp;<\/p>\n<p><strong><u>14.08.2011<\/u><\/strong><br \/>\n4:0 Heimspiel\u00a0gegen Erzgebirge Aue.<\/p>\n<p><strong>ngg_shortcode_4_placeholder<\/strong><\/p>\n<p>&nbsp;<\/p>\n<p><strong><u>24.07.2011<\/u><\/strong><br \/>\nDie Regionsversammlung bei unseren Freunden in Zenting mit Benny Lauth, Timo Ochs und Dominik Stahl lassen sich die Seel\u00f6wen nicht entgehen.<\/p>\n<p><strong>ngg_shortcode_5_placeholder<\/strong><\/p>\n<p>&nbsp;<\/p>\n<p><strong><u>23.07.2011<\/u><\/strong><br \/>\nHeimspiel\u00a0gegen den Karlsruher SC.<\/p>\n<p><strong>ngg_shortcode_6_placeholder<\/strong><\/p>\n<p>&nbsp;<\/p>\n<p><strong><u>23.04.2011<\/u><\/strong><br \/>\nDie Seel\u00f6wen unterst\u00fctzen Ihre L\u00f6wen nat\u00fcrlich beim Heimspiel\u00a0gegen Greuther F\u00fcrth und wurden mit einem 3:0 Sieg belohnt.<\/p>\n<p><strong>ngg_shortcode_7_placeholder<\/strong><\/p>\n<p>&nbsp;<\/p>\n<p><strong><u>06.01.2011<\/u><\/strong><br \/>\nAlle Jahre ruft das Skispringen! Dieses Jahr haben wir unsere Adler bei der Vierschanzentournee in Bischofshofen unterst\u00fctzt.<\/p>\n<p><strong>ngg_shortcode_8_placeholder<\/strong><\/p>\n<p>&nbsp;<\/p>\n","protected":false},"excerpt":{"rendered":"<p>Falls jemand Fotos bei Fahrten nach M\u00fcnchen, Ausw\u00e4rtsspielen, Veranstaltungen usw. gemacht hat, kann er diese gerne an unseren Verein weitergeben, damit diese hier ver\u00f6ffentlicht werden. &nbsp; 26.11.2011 Heimsieg der L\u00f6wen gegen Eintracht Frankfurt. &nbsp; 18.11.2011 Ausw\u00e4rtsfahrt zum Bayerischen-Derby gegen den FC Ingolstadt. &nbsp; 05.11.2011 Heimspiel\u00a0gegen den VfL Bochum. &nbsp; 03.10.2011 Nat\u00fcrlich lassen sich die Seel\u00f6wen eine 1860-Party beim Saxi&#8217;s-Shop in Passau mit Rainer Maurer und Kai B\u00fclow nicht entgehen! &nbsp; 14.08.2011 4:0 Heimspiel\u00a0gegen Erzgebirge Aue. &nbsp; 24.07.2011 Die Regionsversammlung bei unseren Freunden in Zenting mit Benny Lauth, Timo Ochs und Dominik Stahl lassen sich die Seel\u00f6wen nicht entgehen. &nbsp; 23.07.2011 Heimspiel\u00a0gegen den Karlsruher SC. &nbsp; 23.04.2011 Die Seel\u00f6wen unterst\u00fctzen Ihre L\u00f6wen nat\u00fcrlich beim Heimspiel\u00a0gegen Greuther F\u00fcrth und wurden mit einem 3:0 Sieg belohnt. &nbsp; 06.01.2011 Alle Jahre ruft das Skispringen! Dieses Jahr haben wir unsere Adler bei der Vierschanzentournee in Bischofshofen unterst\u00fctzt. &nbsp;<\/p>\n","protected":false},"author":1,"featured_media":0,"parent":0,"menu_order":0,"comment_status":"closed","ping_status":"closed","template":"","meta":{"ngg_post_thumbnail":0,"jetpack_post_was_ever_published":false,"footnotes":""},"class_list":["post-1509","page","type-page","status-publish","hentry"],"jetpack_sharing_enabled":true,"jetpack_shortlink":"https:\/\/wp.me\/P7h1s1-ol","_links":{"self":[{"href":"https:\/\/seeloewen-unteriglbach.de\/Startseite\/wp-json\/wp\/v2\/pages\/1509","targetHints":{"allow":["GET"]}}],"collection":[{"href":"https:\/\/seeloewen-unteriglbach.de\/Startseite\/wp-json\/wp\/v2\/pages"}],"about":[{"href":"https:\/\/seeloewen-unteriglbach.de\/Startseite\/wp-json\/wp\/v2\/types\/page"}],"author":[{"embeddable":true,"href":"https:\/\/seeloewen-unteriglbach.de\/Startseite\/wp-json\/wp\/v2\/users\/1"}],"replies":[{"embeddable":true,"href":"https:\/\/seeloewen-unteriglbach.de\/Startseite\/wp-json\/wp\/v2\/comments?post=1509"}],"version-history":[{"count":4,"href":"https:\/\/seeloewen-unteriglbach.de\/Startseite\/wp-json\/wp\/v2\/pages\/1509\/revisions"}],"predecessor-version":[{"id":1753,"href":"https:\/\/seeloewen-unteriglbach.de\/Startseite\/wp-json\/wp\/v2\/pages\/1509\/revisions\/1753"}],"wp:attachment":[{"href":"https:\/\/seeloewen-unteriglbach.de\/Startseite\/wp-json\/wp\/v2\/media?parent=1509"}],"curies":[{"name":"wp","href":"https:\/\/api.w.org\/{rel}","templated":true}]}}