{"id":1754,"date":"2016-06-03T13:28:48","date_gmt":"2016-06-03T13:28:48","guid":{"rendered":"http:\/\/seeloewen-unteriglbach.de\/?page_id=1754"},"modified":"2016-06-06T17:22:55","modified_gmt":"2016-06-06T17:22:55","slug":"bilder-2010","status":"publish","type":"page","link":"https:\/\/seeloewen-unteriglbach.de\/Startseite\/bilder-2010\/","title":{"rendered":"Bilder 2010"},"content":{"rendered":"<p style=\"text-align: center;\">Falls jemand Fotos bei Fahrten nach M\u00fcnchen, Ausw\u00e4rtsspielen, Veranstaltungen usw. gemacht hat, kann er diese gerne an unseren Verein weitergeben, damit diese hier ver\u00f6ffentlicht werden.<\/p>\n<p>&nbsp;<\/p>\n<p><strong><u>12.12.2010<\/u><\/strong><br \/>\nUnsere Nikolaus-Feier beim Seewirt<\/p>\n<p><strong>ngg_shortcode_0_placeholder<\/strong><\/p>\n<p>&nbsp;<\/p>\n<p><strong><u>05.12.2010<\/u><\/strong><br \/>\nHeimspiel\u00a0gegen Hertha BSC Berlin.<\/p>\n<p><strong>ngg_shortcode_1_placeholder<\/strong><\/p>\n<p>&nbsp;<\/p>\n<p><strong><u>07.11.2010<\/u><\/strong><br \/>\nHeimspiel-Sieg gegen Alemania Aachen mit 2:1.<\/p>\n<p><strong>ngg_shortcode_2_placeholder<\/strong><\/p>\n<p>&nbsp;<\/p>\n<p><strong><u>26.09.2010<\/u><\/strong><br \/>\nUnser Bus fuhr dieses Mal zum Ausw\u00e4rtsspiel-Sieg nach Augsburg.<\/p>\n<p><strong>ngg_shortcode_3_placeholder<\/strong><\/p>\n<p>&nbsp;<\/p>\n<p><strong><u>29.08.2010<\/u><\/strong><br \/>\nHeimspiel-Sieg gegen VfL Osnabr\u00fcck.<\/p>\n<p><strong>ngg_shortcode_4_placeholder<\/strong><\/p>\n<p>&nbsp;<\/p>\n<p><strong><u>24.07.2010<\/u><\/strong><br \/>\nEine kleine Abordnung fuhr mit der Bahn nach M\u00fcnchen ins Gr\u00fcnwalder-Stadion zur 150-Jahr-Feier vom TSV 1860 M\u00fcnchen zum Testspiel gegen Borussia Dortmund, das Spiel endete 1:1 trotz L\u00f6wenf\u00fchrung!<\/p>\n<p><strong>ngg_shortcode_5_placeholder<\/strong><\/p>\n<p>&nbsp;<\/p>\n<p><strong><u>09.07.2010<\/u><\/strong><br \/>\nDie M\u00fcnchner L\u00f6wen waren in Passau zu Gast bei einem Spiel gegen eine Niederbayern-Auswahl. Viele Autogramm-J\u00e4ger waren nat\u00fcrlich hier nach dem Spiel aktiv.<\/p>\n<p><strong>ngg_shortcode_6_placeholder<\/strong><\/p>\n<p>&nbsp;<\/p>\n<p><strong><u>16.05.2010<\/u><\/strong><br \/>\nDie Seel\u00f6wen haben alle umliegenden 1860-Fanclubs zur Regionsversammlung beim Seewirt eingeladen und zu dieser Veranstaltung kamen die Spieler Mathieu Beda und Alexander Ludwig zur Frage und Autogramm Runde.<\/p>\n<p><strong>ngg_shortcode_7_placeholder<\/strong><\/p>\n<p>&nbsp;<\/p>\n<p><strong><u>24.05.2010<\/u><\/strong><br \/>\nHeimspiel gegen Rot-Wei\u00df Oberhausen.<\/p>\n<p><strong>ngg_shortcode_8_placeholder<\/strong><\/p>\n<p>&nbsp;<\/p>\n<p><strong><u>09.04.2010<\/u><\/strong><br \/>\nHeimspiel gegen Arminia Bielefeld.<\/p>\n<p><strong>ngg_shortcode_9_placeholder<\/strong><\/p>\n<p>&nbsp;<\/p>\n<p><strong><u>21.03.2010<\/u><\/strong><br \/>\nHeimspiel gegen den FSV Frankfurt.<\/p>\n<p><strong>ngg_shortcode_10_placeholder<\/strong><\/p>\n<p>&nbsp;<\/p>\n<p><strong><u>07.03.2010<\/u><\/strong><br \/>\nHeimspiel gegen FC St. Pauli in den 150-Jahr-Trikots.<\/p>\n<p><strong>ngg_shortcode_11_placeholder<\/strong><\/p>\n<p>&nbsp;<\/p>\n<p><strong><u>20.02.2010<\/u><\/strong><br \/>\nHeimspiel gegen Alemania Aachen.<\/p>\n<p><strong>ngg_shortcode_12_placeholder<\/strong><\/p>\n<p>&nbsp;<\/p>\n<p><strong><u>22.01.2010<\/u><\/strong><br \/>\nHeimspiel gegen Hansa Rostock.<\/p>\n<p><strong>ngg_shortcode_13_placeholder<\/strong><\/p>\n<p>&nbsp;<\/p>\n<p><strong><u>03.01.2010<\/u><\/strong><\/p>\n<p>Auch heuer fuhren die Seel\u00f6wen zum\u00a0Skispringen! Dieses Jahr ging es zur\u00a0Vierschanzentournee nach Innsbruck.<\/p>\n<p><strong>ngg_shortcode_14_placeholder<\/strong><\/p>\n","protected":false},"excerpt":{"rendered":"<p>Falls jemand Fotos bei Fahrten nach M\u00fcnchen, Ausw\u00e4rtsspielen, Veranstaltungen usw. gemacht hat, kann er diese gerne an unseren Verein weitergeben, damit diese hier ver\u00f6ffentlicht werden. &nbsp; 12.12.2010 Unsere Nikolaus-Feier beim Seewirt &nbsp; 05.12.2010 Heimspiel\u00a0gegen Hertha BSC Berlin. &nbsp; 07.11.2010 Heimspiel-Sieg gegen Alemania Aachen mit 2:1. &nbsp; 26.09.2010 Unser Bus fuhr dieses Mal zum Ausw\u00e4rtsspiel-Sieg nach Augsburg. &nbsp; 29.08.2010 Heimspiel-Sieg gegen VfL Osnabr\u00fcck. &nbsp; 24.07.2010 Eine kleine Abordnung fuhr mit der Bahn nach M\u00fcnchen ins Gr\u00fcnwalder-Stadion zur 150-Jahr-Feier vom TSV 1860 M\u00fcnchen zum Testspiel gegen Borussia Dortmund, das Spiel endete 1:1 trotz L\u00f6wenf\u00fchrung! &nbsp; 09.07.2010 Die M\u00fcnchner L\u00f6wen waren in Passau zu Gast bei einem Spiel gegen eine Niederbayern-Auswahl. Viele Autogramm-J\u00e4ger waren nat\u00fcrlich hier nach dem Spiel aktiv. &nbsp; 16.05.2010 Die Seel\u00f6wen haben alle umliegenden 1860-Fanclubs zur Regionsversammlung beim Seewirt eingeladen und zu dieser Veranstaltung kamen die Spieler Mathieu Beda und Alexander Ludwig zur Frage und Autogramm Runde. &nbsp; 24.05.2010 Heimspiel gegen Rot-Wei\u00df Oberhausen. &nbsp; 09.04.2010 Heimspiel gegen Arminia Bielefeld. &nbsp; 21.03.2010 Heimspiel gegen den FSV Frankfurt. &nbsp; 07.03.2010 Heimspiel gegen FC St. Pauli in den 150-Jahr-Trikots. &nbsp; 20.02.2010 Heimspiel gegen Alemania Aachen. &nbsp; 22.01.2010 Heimspiel gegen Hansa Rostock. &nbsp; 03.01.2010 Auch heuer fuhren die Seel\u00f6wen zum\u00a0Skispringen! Dieses Jahr ging es [&hellip;]<\/p>\n","protected":false},"author":1,"featured_media":0,"parent":0,"menu_order":0,"comment_status":"closed","ping_status":"closed","template":"","meta":{"ngg_post_thumbnail":0,"jetpack_post_was_ever_published":false,"footnotes":""},"class_list":["post-1754","page","type-page","status-publish","hentry"],"jetpack_sharing_enabled":true,"jetpack_shortlink":"https:\/\/wp.me\/P7h1s1-si","_links":{"self":[{"href":"https:\/\/seeloewen-unteriglbach.de\/Startseite\/wp-json\/wp\/v2\/pages\/1754","targetHints":{"allow":["GET"]}}],"collection":[{"href":"https:\/\/seeloewen-unteriglbach.de\/Startseite\/wp-json\/wp\/v2\/pages"}],"about":[{"href":"https:\/\/seeloewen-unteriglbach.de\/Startseite\/wp-json\/wp\/v2\/types\/page"}],"author":[{"embeddable":true,"href":"https:\/\/seeloewen-unteriglbach.de\/Startseite\/wp-json\/wp\/v2\/users\/1"}],"replies":[{"embeddable":true,"href":"https:\/\/seeloewen-unteriglbach.de\/Startseite\/wp-json\/wp\/v2\/comments?post=1754"}],"version-history":[{"count":4,"href":"https:\/\/seeloewen-unteriglbach.de\/Startseite\/wp-json\/wp\/v2\/pages\/1754\/revisions"}],"predecessor-version":[{"id":2798,"href":"https:\/\/seeloewen-unteriglbach.de\/Startseite\/wp-json\/wp\/v2\/pages\/1754\/revisions\/2798"}],"wp:attachment":[{"href":"https:\/\/seeloewen-unteriglbach.de\/Startseite\/wp-json\/wp\/v2\/media?parent=1754"}],"curies":[{"name":"wp","href":"https:\/\/api.w.org\/{rel}","templated":true}]}}