{"id":195,"date":"2016-02-28T19:11:50","date_gmt":"2016-02-28T19:11:50","guid":{"rendered":"http:\/\/seeloewen-unteriglbach.de\/?page_id=195"},"modified":"2022-04-18T18:11:30","modified_gmt":"2022-04-18T18:11:30","slug":"bilder","status":"publish","type":"page","link":"https:\/\/seeloewen-unteriglbach.de\/Startseite\/bilder\/","title":{"rendered":"Bilder"},"content":{"rendered":"<p style=\"text-align: center;\">Falls jemand Fotos bei Fahrten nach M\u00fcnchen, Ausw\u00e4rtsspielen, Veranstaltungen usw. gemacht hat, kann er diese gerne an unseren Verein weitergeben, damit diese hier ver\u00f6ffentlicht werden.<\/p>\n<h3 style=\"text-align: center;\">Welche Fotos wollen Sie sehn?<\/h3>\n<table style=\"width: 103.362%; height: 3761px;\">\n<tbody>\n<tr style=\"height: 136px;\">\n<td style=\"text-align: center; width: 361px; height: 136px;\">\n<h2><a href=\"https:\/\/seeloewen-unteriglbach.de\/bilder-2022\/\"><strong>2022<\/strong><\/a><strong><\/strong><\/h2>\n<\/td>\n<td style=\"text-align: center; width: 362px; height: 136px;\"><a href=\"https:\/\/seeloewen-unteriglbach.de\/bilder-2022\/\"><img loading=\"lazy\" decoding=\"async\" src=\"https:\/\/seeloewen-unteriglbach.de\/wp-content\/uploads\/2022\/04\/Vorschaubild-2022.jpg\" alt=\"\" width=\"300\" height=\"128\" class=\"aligncenter size-full wp-image-6095\" srcset=\"https:\/\/seeloewen-unteriglbach.de\/wp-content\/uploads\/2022\/04\/Vorschaubild-2022.jpg 300w, https:\/\/seeloewen-unteriglbach.de\/wp-content\/uploads\/2022\/04\/Vorschaubild-2022-281x120.jpg 281w\" sizes=\"auto, (max-width: 300px) 100vw, 300px\" \/><\/a><\/td>\n<\/tr>\n<tr style=\"height: 97px;\">\n<td style=\"text-align: center; width: 361px; height: 97px;\">\n<h2><strong>2021<\/strong><\/h2>\n<\/td>\n<td style=\"text-align: center; width: 362px; height: 97px;\">Leider gab es auf Grund von Corona keine Veranstaltungen\/Bilder.<\/td>\n<\/tr>\n<tr style=\"height: 219px;\">\n<td style=\"text-align: center; width: 361px; height: 219px;\">\n<h2><a href=\"https:\/\/seeloewen-unteriglbach.de\/bilder-2020\/\"><strong>2020<\/strong><\/a><\/h2>\n<\/td>\n<td style=\"text-align: center; width: 362px; height: 219px;\"><a href=\"https:\/\/seeloewen-unteriglbach.de\/bilder-2020\/\"><img loading=\"lazy\" decoding=\"async\" src=\"https:\/\/seeloewen-unteriglbach.de\/wp-content\/uploads\/2022\/04\/Vorschaubild-2020.jpg\" alt=\"\" width=\"300\" height=\"211\" class=\"aligncenter size-full wp-image-6148\" srcset=\"https:\/\/seeloewen-unteriglbach.de\/wp-content\/uploads\/2022\/04\/Vorschaubild-2020.jpg 300w, https:\/\/seeloewen-unteriglbach.de\/wp-content\/uploads\/2022\/04\/Vorschaubild-2020-171x120.jpg 171w\" sizes=\"auto, (max-width: 300px) 100vw, 300px\" \/><\/a><\/td>\n<\/tr>\n<tr style=\"height: 97px;\">\n<td style=\"text-align: center; width: 361px; height: 97px;\">\n<h2><strong>2019<\/strong><\/h2>\n<\/td>\n<td style=\"text-align: center; width: 362px; height: 97px;\">Fotos folgen &#8230;<\/td>\n<\/tr>\n<tr style=\"height: 97px;\">\n<td style=\"text-align: center; width: 361px; height: 97px;\">\n<h2><strong>2018<\/strong><\/h2>\n<\/td>\n<td style=\"text-align: center; width: 362px; height: 97px;\">Fotos folgen &#8230;<\/td>\n<\/tr>\n<tr style=\"height: 259px;\">\n<td style=\"text-align: center; width: 361px; height: 259px;\">\n<h2><a href=\"https:\/\/seeloewen-unteriglbach.de\/bilder-2017\/\"><strong>2017<\/strong><\/a><\/h2>\n<\/td>\n<td style=\"text-align: center; width: 362px; height: 259px;\"><a href=\"https:\/\/seeloewen-unteriglbach.de\/bilder-2017\/\"><img loading=\"lazy\" decoding=\"async\" class=\"alignnone size-medium wp-image-4949\" src=\"https:\/\/seeloewen-unteriglbach.de\/wp-content\/uploads\/2016\/02\/2017-Foto-300x245.jpg\" alt=\"\" width=\"300\" height=\"245\" srcset=\"https:\/\/seeloewen-unteriglbach.de\/wp-content\/uploads\/2016\/02\/2017-Foto.jpg 300w, https:\/\/seeloewen-unteriglbach.de\/wp-content\/uploads\/2016\/02\/2017-Foto-147x120.jpg 147w\" sizes=\"auto, (max-width: 300px) 100vw, 300px\" \/><\/a>&nbsp;<\/td>\n<\/tr>\n<tr style=\"height: 203px;\">\n<td style=\"text-align: center; width: 361px; height: 203px;\">\n<h2><a href=\"https:\/\/seeloewen-unteriglbach.de\/bilder-2016\/\"><strong>2016<\/strong><\/a><\/h2>\n<\/td>\n<td style=\"text-align: center; width: 362px; height: 203px;\">&nbsp;<a href=\"https:\/\/seeloewen-unteriglbach.de\/bilder-2016\/\"><img loading=\"lazy\" decoding=\"async\" class=\"alignnone size-medium wp-image-931\" src=\"https:\/\/seeloewen-unteriglbach.de\/wp-content\/uploads\/2016\/03\/2016-Foto-300x189.jpg\" alt=\"2016-Foto\" width=\"300\" height=\"189\" srcset=\"https:\/\/seeloewen-unteriglbach.de\/wp-content\/uploads\/2016\/03\/2016-Foto-300x189.jpg 300w, https:\/\/seeloewen-unteriglbach.de\/wp-content\/uploads\/2016\/03\/2016-Foto.jpg 428w\" sizes=\"auto, (max-width: 300px) 100vw, 300px\" \/><\/a><\/td>\n<\/tr>\n<tr style=\"height: 288px;\">\n<td style=\"text-align: center; width: 361px; height: 288px;\">\n<h2><a href=\"https:\/\/seeloewen-unteriglbach.de\/bilder-2015\/\"><strong>2015<\/strong><\/a><\/h2>\n<\/td>\n<td style=\"text-align: center; width: 362px; height: 288px;\"><a href=\"https:\/\/seeloewen-unteriglbach.de\/bilder-2015\/\"><img loading=\"lazy\" decoding=\"async\" class=\"alignnone size-medium wp-image-930\" src=\"https:\/\/seeloewen-unteriglbach.de\/wp-content\/uploads\/2016\/03\/2015-Foto1-300x274.jpg\" alt=\"2015 - Foto1\" width=\"300\" height=\"274\"><\/a><\/td>\n<\/tr>\n<tr style=\"height: 239px;\">\n<td style=\"text-align: center; width: 361px; height: 239px;\">\n<h2><a href=\"https:\/\/seeloewen-unteriglbach.de\/bilder-2014\/\"><strong>2014<\/strong><\/a><\/h2>\n<\/td>\n<td style=\"text-align: center; width: 362px; height: 239px;\"><a href=\"https:\/\/seeloewen-unteriglbach.de\/bilder-2014\/\"><img loading=\"lazy\" decoding=\"async\" class=\"alignnone size-medium wp-image-929\" src=\"https:\/\/seeloewen-unteriglbach.de\/wp-content\/uploads\/2016\/03\/2014-Foto-300x225.jpg\" alt=\"2014 - Foto\" width=\"300\" height=\"225\"><\/a><\/td>\n<\/tr>\n<tr style=\"height: 239px;\">\n<td style=\"text-align: center; width: 361px; height: 239px;\">\n<h2><a href=\"https:\/\/seeloewen-unteriglbach.de\/bilder-2013\/\"><strong>2013<\/strong><\/a><\/h2>\n<\/td>\n<td style=\"text-align: center; width: 362px; height: 239px;\"><a href=\"https:\/\/seeloewen-unteriglbach.de\/bilder-2013\/\"><img loading=\"lazy\" decoding=\"async\" class=\"alignnone size-medium wp-image-928\" src=\"https:\/\/seeloewen-unteriglbach.de\/wp-content\/uploads\/2016\/03\/2013-Foto-300x225.jpg\" alt=\"2013 - Foto\" width=\"300\" height=\"225\"><\/a><\/td>\n<\/tr>\n<tr style=\"height: 239px;\">\n<td style=\"text-align: center; width: 361px; height: 239px;\">\n<h2><a href=\"https:\/\/seeloewen-unteriglbach.de\/bilder-2012\/\"><strong>2012<\/strong><\/a><\/h2>\n<\/td>\n<td style=\"text-align: center; width: 362px; height: 239px;\">&nbsp;<a href=\"https:\/\/seeloewen-unteriglbach.de\/bilder-2012\/\"><img loading=\"lazy\" decoding=\"async\" class=\"alignnone size-medium wp-image-1751\" src=\"https:\/\/seeloewen-unteriglbach.de\/wp-content\/uploads\/2016\/06\/2012-Foto-300x225.jpg\" alt=\"2012 - Foto\" width=\"300\" height=\"225\" srcset=\"https:\/\/seeloewen-unteriglbach.de\/wp-content\/uploads\/2016\/06\/2012-Foto.jpg 300w, https:\/\/seeloewen-unteriglbach.de\/wp-content\/uploads\/2016\/06\/2012-Foto-160x120.jpg 160w\" sizes=\"auto, (max-width: 300px) 100vw, 300px\" \/><\/a><\/td>\n<\/tr>\n<tr style=\"height: 239px;\">\n<td style=\"text-align: center; width: 361px; height: 239px;\">\n<h2><a href=\"https:\/\/seeloewen-unteriglbach.de\/bilder-2011\/\"><strong>2011<\/strong><\/a><\/h2>\n<\/td>\n<td style=\"text-align: center; width: 362px; height: 239px;\"><a href=\"https:\/\/seeloewen-unteriglbach.de\/bilder-2011\/\"><img loading=\"lazy\" decoding=\"async\" class=\"alignnone size-medium wp-image-1749\" src=\"https:\/\/seeloewen-unteriglbach.de\/wp-content\/uploads\/2016\/06\/2011-Foto-300x225.jpg\" alt=\"2011 - Foto\" width=\"300\" height=\"225\" srcset=\"https:\/\/seeloewen-unteriglbach.de\/wp-content\/uploads\/2016\/06\/2011-Foto.jpg 300w, https:\/\/seeloewen-unteriglbach.de\/wp-content\/uploads\/2016\/06\/2011-Foto-160x120.jpg 160w\" sizes=\"auto, (max-width: 300px) 100vw, 300px\" \/><\/a><\/td>\n<\/tr>\n<tr style=\"height: 214px;\">\n<td style=\"text-align: center; width: 361px; height: 214px;\">\n<h2><a href=\"https:\/\/seeloewen-unteriglbach.de\/bilder-2010\/\"><strong>2010<\/strong><\/a><\/h2>\n<\/td>\n<td style=\"text-align: center; width: 362px; height: 214px;\"><a href=\"https:\/\/seeloewen-unteriglbach.de\/bilder-2010\/\"><img loading=\"lazy\" decoding=\"async\" class=\"wp-image-2261 size-medium alignnone\" src=\"https:\/\/seeloewen-unteriglbach.de\/wp-content\/uploads\/2016\/02\/2010-Foto-300x200.jpg\" width=\"300\" height=\"200\" srcset=\"https:\/\/seeloewen-unteriglbach.de\/wp-content\/uploads\/2016\/02\/2010-Foto.jpg 300w, https:\/\/seeloewen-unteriglbach.de\/wp-content\/uploads\/2016\/02\/2010-Foto-180x120.jpg 180w\" sizes=\"auto, (max-width: 300px) 100vw, 300px\" \/><\/a><\/td>\n<\/tr>\n<tr style=\"height: 239px;\">\n<td style=\"text-align: center; width: 361px; height: 239px;\">\n<h2><a href=\"https:\/\/seeloewen-unteriglbach.de\/bilder-2009\/\"><strong>2009<\/strong><\/a><\/h2>\n<\/td>\n<td style=\"text-align: center; width: 362px; height: 239px;\"><a href=\"https:\/\/seeloewen-unteriglbach.de\/bilder-2009\/\"><img loading=\"lazy\" decoding=\"async\" class=\"alignnone wp-image-2873 size-medium\" src=\"https:\/\/seeloewen-unteriglbach.de\/wp-content\/uploads\/2016\/02\/2009-Foto-300x225.jpg\" alt=\"2009 - Foto\" width=\"300\" height=\"225\" srcset=\"https:\/\/seeloewen-unteriglbach.de\/wp-content\/uploads\/2016\/02\/2009-Foto.jpg 300w, https:\/\/seeloewen-unteriglbach.de\/wp-content\/uploads\/2016\/02\/2009-Foto-160x120.jpg 160w\" sizes=\"auto, (max-width: 300px) 100vw, 300px\" \/><\/a><\/td>\n<\/tr>\n<tr style=\"height: 239px;\">\n<td style=\"text-align: center; width: 361px; height: 239px;\">\n<h2><a href=\"https:\/\/seeloewen-unteriglbach.de\/bilder-2008\/\"><strong>2008<\/strong><\/a><\/h2>\n<\/td>\n<td style=\"text-align: center; width: 362px; height: 239px;\"><a href=\"https:\/\/seeloewen-unteriglbach.de\/bilder-2008\/\"><img loading=\"lazy\" decoding=\"async\" class=\"alignnone wp-image-2968 size-medium\" src=\"https:\/\/seeloewen-unteriglbach.de\/wp-content\/uploads\/2016\/02\/2008-Foto-300x225.jpg\" alt=\"2008 - Foto\" width=\"300\" height=\"225\" srcset=\"https:\/\/seeloewen-unteriglbach.de\/wp-content\/uploads\/2016\/02\/2008-Foto.jpg 300w, https:\/\/seeloewen-unteriglbach.de\/wp-content\/uploads\/2016\/02\/2008-Foto-160x120.jpg 160w\" sizes=\"auto, (max-width: 300px) 100vw, 300px\" \/><\/a><\/td>\n<\/tr>\n<tr style=\"height: 239px;\">\n<td style=\"text-align: center; width: 361px; height: 239px;\">\n<h2><strong><a href=\"https:\/\/seeloewen-unteriglbach.de\/bilder-2007\/\">2007<\/a><\/strong><\/h2>\n<\/td>\n<td style=\"text-align: center; width: 362px; height: 239px;\">&nbsp;<a href=\"https:\/\/seeloewen-unteriglbach.de\/bilder-2007\/\"><img loading=\"lazy\" decoding=\"async\" class=\"alignnone size-medium wp-image-3906\" src=\"https:\/\/seeloewen-unteriglbach.de\/wp-content\/uploads\/2016\/02\/2007-Foto-300x225.jpg\" alt=\"2007 - Foto\" width=\"300\" height=\"225\" srcset=\"https:\/\/seeloewen-unteriglbach.de\/wp-content\/uploads\/2016\/02\/2007-Foto.jpg 300w, https:\/\/seeloewen-unteriglbach.de\/wp-content\/uploads\/2016\/02\/2007-Foto-160x120.jpg 160w\" sizes=\"auto, (max-width: 300px) 100vw, 300px\" \/><\/a><\/td>\n<\/tr>\n<tr style=\"height: 239px;\">\n<td style=\"text-align: center; width: 361px; height: 239px;\">\n<h2><strong><a href=\"https:\/\/seeloewen-unteriglbach.de\/bilder-2006\/\">2006<\/a><\/strong><\/h2>\n<\/td>\n<td style=\"text-align: center; width: 362px; height: 239px;\">&nbsp;<a href=\"https:\/\/seeloewen-unteriglbach.de\/bilder-2006\/\"><img loading=\"lazy\" decoding=\"async\" class=\"alignnone size-medium wp-image-3907\" src=\"https:\/\/seeloewen-unteriglbach.de\/wp-content\/uploads\/2016\/02\/2006-Foto-300x225.jpg\" alt=\"2006 - Foto\" width=\"300\" height=\"225\" srcset=\"https:\/\/seeloewen-unteriglbach.de\/wp-content\/uploads\/2016\/02\/2006-Foto.jpg 300w, https:\/\/seeloewen-unteriglbach.de\/wp-content\/uploads\/2016\/02\/2006-Foto-160x120.jpg 160w\" sizes=\"auto, (max-width: 300px) 100vw, 300px\" \/><\/a><\/td>\n<\/tr>\n<tr style=\"height: 239px;\">\n<td style=\"text-align: center; width: 361px; height: 239px;\">\n<h2><strong><a href=\"https:\/\/seeloewen-unteriglbach.de\/bilder-2005\/\">2005<\/a><\/strong><\/h2>\n<\/td>\n<td style=\"text-align: center; width: 362px; height: 239px;\">&nbsp;<a href=\"https:\/\/seeloewen-unteriglbach.de\/bilder-2005\/\"><img loading=\"lazy\" decoding=\"async\" class=\"alignnone size-medium wp-image-3908\" src=\"https:\/\/seeloewen-unteriglbach.de\/wp-content\/uploads\/2016\/02\/2005-Foto-300x225.jpg\" alt=\"2005 - Foto\" width=\"300\" height=\"225\" srcset=\"https:\/\/seeloewen-unteriglbach.de\/wp-content\/uploads\/2016\/02\/2005-Foto-300x225.jpg 300w, https:\/\/seeloewen-unteriglbach.de\/wp-content\/uploads\/2016\/02\/2005-Foto-160x120.jpg 160w, https:\/\/seeloewen-unteriglbach.de\/wp-content\/uploads\/2016\/02\/2005-Foto.jpg 500w\" sizes=\"auto, (max-width: 300px) 100vw, 300px\" \/><\/a><\/td>\n<\/tr>\n<\/tbody>\n<\/table>\n","protected":false},"excerpt":{"rendered":"<p>Falls jemand Fotos bei Fahrten nach M\u00fcnchen, Ausw\u00e4rtsspielen, Veranstaltungen usw. gemacht hat, kann er diese gerne an unseren Verein weitergeben, damit diese hier ver\u00f6ffentlicht werden. Welche Fotos wollen Sie sehn? 2022 2021 Leider gab es auf Grund von Corona keine Veranstaltungen\/Bilder. 2020 2019 Fotos folgen &#8230; 2018 Fotos folgen &#8230; 2017 &nbsp; 2016 &nbsp; 2015 2014 2013 2012 &nbsp; 2011 2010 2009 2008 2007 &nbsp; 2006 &nbsp; 2005 &nbsp;<\/p>\n","protected":false},"author":1,"featured_media":0,"parent":0,"menu_order":0,"comment_status":"closed","ping_status":"closed","template":"","meta":{"ngg_post_thumbnail":0,"jetpack_post_was_ever_published":false,"footnotes":""},"class_list":["post-195","page","type-page","status-publish","hentry"],"jetpack_sharing_enabled":true,"jetpack_shortlink":"https:\/\/wp.me\/P7h1s1-39","_links":{"self":[{"href":"https:\/\/seeloewen-unteriglbach.de\/Startseite\/wp-json\/wp\/v2\/pages\/195","targetHints":{"allow":["GET"]}}],"collection":[{"href":"https:\/\/seeloewen-unteriglbach.de\/Startseite\/wp-json\/wp\/v2\/pages"}],"about":[{"href":"https:\/\/seeloewen-unteriglbach.de\/Startseite\/wp-json\/wp\/v2\/types\/page"}],"author":[{"embeddable":true,"href":"https:\/\/seeloewen-unteriglbach.de\/Startseite\/wp-json\/wp\/v2\/users\/1"}],"replies":[{"embeddable":true,"href":"https:\/\/seeloewen-unteriglbach.de\/Startseite\/wp-json\/wp\/v2\/comments?post=195"}],"version-history":[{"count":26,"href":"https:\/\/seeloewen-unteriglbach.de\/Startseite\/wp-json\/wp\/v2\/pages\/195\/revisions"}],"predecessor-version":[{"id":6150,"href":"https:\/\/seeloewen-unteriglbach.de\/Startseite\/wp-json\/wp\/v2\/pages\/195\/revisions\/6150"}],"wp:attachment":[{"href":"https:\/\/seeloewen-unteriglbach.de\/Startseite\/wp-json\/wp\/v2\/media?parent=195"}],"curies":[{"name":"wp","href":"https:\/\/api.w.org\/{rel}","templated":true}]}}