{"id":201,"date":"2016-02-28T19:21:22","date_gmt":"2016-02-28T19:21:22","guid":{"rendered":"http:\/\/seeloewen-unteriglbach.de\/?page_id=201"},"modified":"2016-03-04T19:46:55","modified_gmt":"2016-03-04T19:46:55","slug":"bilder-2014","status":"publish","type":"page","link":"https:\/\/seeloewen-unteriglbach.de\/Startseite\/bilder-2014\/","title":{"rendered":"Bilder 2014"},"content":{"rendered":"<p>&nbsp;<\/p>\n<p style=\"text-align: center;\">Falls jemand Fotos bei Fahrten nach M\u00fcnchen, Ausw\u00e4rtsspielen, Veranstaltungen usw. gemacht hat, kann er diese gerne an unseren Verein weitergeben, damit diese hier ver\u00f6ffentlicht werden.<\/p>\n<p><strong><u>23.11.2014<br \/>\n<\/u><\/strong>In der\u00a0Pfarrkirche St. Vitus in Unteriglbach fand anl\u00e4sslich unserer 20-Jahr-Feier ein Gottesdienst statt.<br \/>\nZum Gottesdienst, der von Pater Nico zelebriert wurde, kamen \u00fcber 50 Vereinmitglieder.<br \/>\nAuf den Bildern ist unteranderem unser Schriftf\u00fchrer Rudi Hofbauer zu sehn, der am Schluss des Gottesdienstes eine Meditation \u00fcber den Ball machte und\u00a0Daniela Pangratz beim Totengedenken.<\/p>\n<p><strong>ngg_shortcode_0_placeholder<\/strong><\/p>\n<p>&nbsp;<\/p>\n<p><strong><u>11.10.2014<br \/>\n<\/u><\/strong>Zu unserer 20-Jahr-Feier kamen viele Vereinsmitglieder und es gab auch Besuch aus M\u00fcnchen.<br \/>\nEs kamen:<\/p>\n<p>Peter Helfer\u00a0\u00a0\u00a0(Vize-Pr\u00e4sident des TSV 1860 M\u00fcnchen)<br \/>\nWolfgang Hauner\u00a0 (ehem. Vize-Pr\u00e4sident des TSV 1860 M\u00fcnchen und Schirmherr unserer 10-Jahr-Feier im Jahre 2004)<br \/>\nJutta Schnell\u00a0 (Fanbeauftragte des TSV 1860 M\u00fcnchen)<br \/>\nGerhard Schnell\u00a0\u00a0(1.Vorsitzender der ARGE)<\/p>\n<p>Wie auf den Bildern zu sehn ist, wurdem unserem Verein Urkunden und Pr\u00e4sente \u00fcberreicht.<\/p>\n<p><strong>ngg_shortcode_1_placeholder<\/strong><\/p>\n<p>&nbsp;<\/p>\n<p><strong>28.09.2014<br \/>\n<\/strong>Seel\u00f6wen d\u00fcrfen in Knadlarn beim Oktoberfest nicht fehlen!<\/p>\n<p><strong>ngg_shortcode_2_placeholder<\/strong><\/p>\n<p>&nbsp;<\/p>\n<p><strong><u>20.09.2014<\/u><\/strong><strong><u><br \/>\n<\/u><\/strong>Wenn unser Ex-Vorstand, der H\u00f6lldobler Sigi heiratet, dann lassen wir es uns nat\u00fcrlich nicht nehmen, Spalier zu stehen.<\/p>\n<p><strong>ngg_shortcode_3_placeholder<\/strong><\/p>\n<p>&nbsp;<\/p>\n<p><strong>24.08.2014<\/strong><br \/>\nFototermin an der Grund- und Mittelschule in Ortenburg f\u00fcr die Festschrift.<\/p>\n<p><strong>ngg_shortcode_4_placeholder<\/strong><\/p>\n<p>&nbsp;<\/p>\n<p><strong><u>03.08.2014<\/u><\/strong><br \/>\nNat\u00fcrlich nahmen wir auch beim Volksfest Ortenburg teil.<br \/>\nZum 65j\u00e4hrigen Jubil\u00e4um fand ein 4 Kampf unter den Vereinen statt, bei dem unsere Mannschaft einen starken 3. Platz erreichte!<\/p>\n<p><strong>ngg_shortcode_5_placeholder<\/strong><\/p>\n<p>&nbsp;<\/p>\n<p><strong><u>19.07.2014<br \/>\n<\/u><\/strong>Unser Sommernachtsfest, das bei tollem Wetter und zahlreichem Besuch stattfand.<\/p>\n<p><strong>ngg_shortcode_6_placeholder<\/strong><\/p>\n<p>&nbsp;<\/p>\n<p><strong><u>05.07.2014<br \/>\n<\/u><\/strong>ARGE Turnier am Trainingsgel\u00e4nde an der Gr\u00fcnwalderstra\u00dfe<br \/>\nHier erreichte unsere Mannschaft in 16. Platz von 27 Mannschaften<u><\/u><\/p>\n<p><strong>ngg_shortcode_7_placeholder<\/strong><\/p>\n<p>&nbsp;<\/p>\n<p><strong><u>09.06.2014<br \/>\n<\/u><\/strong>Unsere traditionelle Pfingstmontag-Wanderung zum Gasthaus Fuchs nach Rainding.<\/p>\n<p><strong>ngg_shortcode_8_placeholder<\/strong><\/p>\n<p>&nbsp;<\/p>\n<p><strong><u>23.03.2014<\/u><\/strong><strong><u><br \/>\n<\/u><\/strong>Vor dem Spiel gegen den 1. FC Kaiserslautern, hat unser Vizepr\u00e4sident Peter Helfer sein Versprechen einf\u00fcllt und eine komplette Busfahrt inkl. Fr\u00fchschoppen im L\u00f6wenst\u00fcberl am Trainingsgel\u00e4nde an der Gr\u00fcnwalderstra\u00dfe gesponsert.<\/p>\n<p><strong>ngg_shortcode_9_placeholder<\/strong><\/p>\n<p>&nbsp;<\/p>\n<p><strong><u>01.02.2014<\/u><\/strong><strong><u><br \/>\n<\/u><\/strong>Jahreshauptversammlung mit Ehrung des &#8222;Fan des Jahres&#8220; und der &#8222;Besten Stammtischler&#8220; 2013<\/p>\n<p><strong>ngg_shortcode_10_placeholder<\/strong><\/p>\n<p>&nbsp;<\/p>\n<p><strong><u>11.01.2014<\/u><\/strong><strong><u><br \/>\n<\/u><\/strong>Hallenturnier der L\u00f6wenfreunde Engertsham in F\u00fcrstenzell<br \/>\nHier erreichte unsere Mannschaft in 6. Platz<\/p>\n<p><strong>ngg_shortcode_11_placeholder<\/strong><\/p>\n<p>&nbsp;<\/p>\n<p><strong><u>02.01.2014<\/u><\/strong><br \/>\nMonatsversammlung im Vereinslokal\u00a0 &#8222;Zum Seewirt&#8220; mit 36 Teilnehmern und den Ehrungen f\u00fcr 10-Jahre Mitgliedschaft f\u00fcr:<br \/>\nPangratz Josef, Hermann Josefine, Diewald Philipp, Assert Christina, Alexander Assert, Christian Kalhammer, Assert Bianca<\/p>\n<p><strong>ngg_shortcode_12_placeholder<\/strong><\/p>\n<p>&nbsp;<\/p>\n<p>&nbsp;<\/p>\n","protected":false},"excerpt":{"rendered":"<p>&nbsp; Falls jemand Fotos bei Fahrten nach M\u00fcnchen, Ausw\u00e4rtsspielen, Veranstaltungen usw. gemacht hat, kann er diese gerne an unseren Verein weitergeben, damit diese hier ver\u00f6ffentlicht werden. 23.11.2014 In der\u00a0Pfarrkirche St. Vitus in Unteriglbach fand anl\u00e4sslich unserer 20-Jahr-Feier ein Gottesdienst statt. Zum Gottesdienst, der von Pater Nico zelebriert wurde, kamen \u00fcber 50 Vereinmitglieder. Auf den Bildern ist unteranderem unser Schriftf\u00fchrer Rudi Hofbauer zu sehn, der am Schluss des Gottesdienstes eine Meditation \u00fcber den Ball machte und\u00a0Daniela Pangratz beim Totengedenken. &nbsp; 11.10.2014 Zu unserer 20-Jahr-Feier kamen viele Vereinsmitglieder und es gab auch Besuch aus M\u00fcnchen. Es kamen: Peter Helfer\u00a0\u00a0\u00a0(Vize-Pr\u00e4sident des TSV 1860 M\u00fcnchen) Wolfgang Hauner\u00a0 (ehem. Vize-Pr\u00e4sident des TSV 1860 M\u00fcnchen und Schirmherr unserer 10-Jahr-Feier im Jahre 2004) Jutta Schnell\u00a0 (Fanbeauftragte des TSV 1860 M\u00fcnchen) Gerhard Schnell\u00a0\u00a0(1.Vorsitzender der ARGE) Wie auf den Bildern zu sehn ist, wurdem unserem Verein Urkunden und Pr\u00e4sente \u00fcberreicht. &nbsp; 28.09.2014 Seel\u00f6wen d\u00fcrfen in Knadlarn beim Oktoberfest nicht fehlen! &nbsp; 20.09.2014 Wenn unser Ex-Vorstand, der H\u00f6lldobler Sigi heiratet, dann lassen wir es uns nat\u00fcrlich nicht nehmen, Spalier zu stehen. &nbsp; 24.08.2014 Fototermin an der Grund- und Mittelschule in Ortenburg f\u00fcr die Festschrift. &nbsp; 03.08.2014 Nat\u00fcrlich nahmen wir auch beim Volksfest Ortenburg teil. Zum 65j\u00e4hrigen Jubil\u00e4um fand ein 4 [&hellip;]<\/p>\n","protected":false},"author":1,"featured_media":0,"parent":0,"menu_order":0,"comment_status":"closed","ping_status":"closed","template":"","meta":{"ngg_post_thumbnail":0,"jetpack_post_was_ever_published":false,"footnotes":""},"class_list":["post-201","page","type-page","status-publish","hentry"],"jetpack_sharing_enabled":true,"jetpack_shortlink":"https:\/\/wp.me\/P7h1s1-3f","_links":{"self":[{"href":"https:\/\/seeloewen-unteriglbach.de\/Startseite\/wp-json\/wp\/v2\/pages\/201","targetHints":{"allow":["GET"]}}],"collection":[{"href":"https:\/\/seeloewen-unteriglbach.de\/Startseite\/wp-json\/wp\/v2\/pages"}],"about":[{"href":"https:\/\/seeloewen-unteriglbach.de\/Startseite\/wp-json\/wp\/v2\/types\/page"}],"author":[{"embeddable":true,"href":"https:\/\/seeloewen-unteriglbach.de\/Startseite\/wp-json\/wp\/v2\/users\/1"}],"replies":[{"embeddable":true,"href":"https:\/\/seeloewen-unteriglbach.de\/Startseite\/wp-json\/wp\/v2\/comments?post=201"}],"version-history":[{"count":5,"href":"https:\/\/seeloewen-unteriglbach.de\/Startseite\/wp-json\/wp\/v2\/pages\/201\/revisions"}],"predecessor-version":[{"id":937,"href":"https:\/\/seeloewen-unteriglbach.de\/Startseite\/wp-json\/wp\/v2\/pages\/201\/revisions\/937"}],"wp:attachment":[{"href":"https:\/\/seeloewen-unteriglbach.de\/Startseite\/wp-json\/wp\/v2\/media?parent=201"}],"curies":[{"name":"wp","href":"https:\/\/api.w.org\/{rel}","templated":true}]}}