{"id":6,"date":"2016-02-25T19:49:06","date_gmt":"2016-02-25T19:49:06","guid":{"rendered":"http:\/\/seeloewen-unteriglbach.de\/WordPress\/?page_id=6"},"modified":"2020-02-21T18:56:58","modified_gmt":"2020-02-21T18:56:58","slug":"startseite","status":"publish","type":"page","link":"https:\/\/seeloewen-unteriglbach.de\/Startseite\/","title":{"rendered":"Startseite"},"content":{"rendered":"<p style=\"text-align: center;\"><strong><u><span style=\"font-size: 28.0pt; font-family: 'Arial','sans-serif';\">Willkommen beim TSV 1860 M\u00fcnchen Fanclub<br \/>\nSeel\u00f6wen Unteriglbach<\/span><\/u><\/strong><\/p>\n<p style=\"text-align: center;\"><u><\/u><span style=\"font-family: arial, helvetica, sans-serif; font-size: 12pt;\">Unser Fanclub wurde im November 1994 gegr\u00fcndet und blickt mittlerweile auf 25 Jahre Fanclub Bestehen zur\u00fcck.<br \/>\n<\/span><\/p>\n<p style=\"text-align: center;\">Der Ortsteil Unteriglbach geh\u00f6rt mit seinen 650 Einwohnern zur Marktgemeinde Ortenburg, welche sich in der N\u00e4he von Vilshofen bei Passau befindet.<br \/>\nMalerisch und ganz idyllisch ins Dorf eingebettet befindet sich der Unteriglbacher Stausee, wodurch wir auch unseren Fanclub Namen erhielten: Seel\u00f6wen.<\/p>\n<p style=\"text-align: center;\">Unser Fanclub ist mit seiner Mitgliederzahl von \u00fcber 270 Mitgliedern der gr\u00f6\u00dfte Fanclub in der ARGE Region 8 &#8211; Bayerischer Wald S\u00fcd.<\/p>\n<p style=\"text-align: center;\">Mit einer l\u00f6wenstarken Truppe reisen wir zu jedem Heimspiel unsrer L\u00f6wen ins 170 Kilometer entfernte M\u00fcnchen.<br \/>\nAuch zu den Ausw\u00e4rtsspielen wird stets ein kleiner Bus zusammengetrommelt, um die L\u00f6wen tatkr\u00e4ftig zu unterst\u00fctzen.<\/p>\n<p style=\"text-align: center;\">Zusammenhalt wird in unserer Fanclub-Familie sehr gro\u00dfgeschrieben und auch gelebt und umgesetzt.<br \/>\nNeben unseren monatlichen Stammtisch-Treffen in unserem eigenen L\u00f6wenst\u00fcberl in Unteriglbach gibt es noch viele weitere Freizeitaktivit\u00e4ten, die wir Seel\u00f6wen gemeinsam unternehmen.<\/p>\n<h3 style=\"text-align: center;\"><strong>Ganz im Sinne unseres Fanclub-Leitspruches: Viele L\u00f6wen \u2013 eine Familie!<\/p>\n<p><\/strong><\/h3>\n<p><span style=\"font-family: arial, helvetica, sans-serif; font-size: 12pt;\"><img loading=\"lazy\" decoding=\"async\" class=\"aligncenter wp-image-5776 size-medium\" src=\"https:\/\/seeloewen-unteriglbach.de\/wp-content\/uploads\/2020\/02\/83752115_1064070457283787_785027735746510848_o-1-744x498.jpg\" alt=\"\" width=\"744\" height=\"498\" srcset=\"https:\/\/seeloewen-unteriglbach.de\/wp-content\/uploads\/2020\/02\/83752115_1064070457283787_785027735746510848_o-1-744x498.jpg 744w, https:\/\/seeloewen-unteriglbach.de\/wp-content\/uploads\/2020\/02\/83752115_1064070457283787_785027735746510848_o-1-1200x804.jpg 1200w, https:\/\/seeloewen-unteriglbach.de\/wp-content\/uploads\/2020\/02\/83752115_1064070457283787_785027735746510848_o-1-420x281.jpg 420w, https:\/\/seeloewen-unteriglbach.de\/wp-content\/uploads\/2020\/02\/83752115_1064070457283787_785027735746510848_o-1-768x514.jpg 768w, https:\/\/seeloewen-unteriglbach.de\/wp-content\/uploads\/2020\/02\/83752115_1064070457283787_785027735746510848_o-1-179x120.jpg 179w, https:\/\/seeloewen-unteriglbach.de\/wp-content\/uploads\/2020\/02\/83752115_1064070457283787_785027735746510848_o-1.jpg 1341w\" sizes=\"auto, (max-width: 744px) 100vw, 744px\" \/><\/span><\/p>\n<p style=\"text-align: center;\"><span class=\"fbPhotosPhotoCaption\" aria-live=\"polite\" data-ft=\"{&quot;tn&quot;:&quot;K&quot;}\" id=\"fbPhotoSnowliftCaption\" tabindex=\"0\"><span class=\"hasCaption\"><br \/>\nUnser Fanclub wurde im Stadion anl\u00e4sslich unseres 25-j\u00e4hrigen Vereinsbestehens beim Heimspiel-Sieg (4:1) gegen Eintracht Braunschweig am 26.01.2020 vorgestellt.<br \/>\nAls Dankesch\u00f6n durften wir bis an den Spielfeldrand und wurden von Vize-Pr\u00e4sident Hans Sitzberger begr\u00fc\u00dft.<br \/>\nEin Danke geht an den Fanbeauftragten Sebastian Weber, der dies f\u00fcr uns m\u00f6glich gemacht hat. Es war ein tolles Erlebnis!<\/span><\/span><span class=\"fbPhotoTagList\" id=\"fbPhotoSnowliftTagList\"><span class=\"fcg\"><span>&nbsp;<\/span><\/span><\/span><\/p>\n","protected":false},"excerpt":{"rendered":"<p>Willkommen beim TSV 1860 M\u00fcnchen Fanclub Seel\u00f6wen Unteriglbach Unser Fanclub wurde im November 1994 gegr\u00fcndet und blickt mittlerweile auf 25 Jahre Fanclub Bestehen zur\u00fcck. Der Ortsteil Unteriglbach geh\u00f6rt mit seinen 650 Einwohnern zur Marktgemeinde Ortenburg, welche sich in der N\u00e4he von Vilshofen bei Passau befindet. Malerisch und ganz idyllisch ins Dorf eingebettet befindet sich der Unteriglbacher Stausee, wodurch wir auch unseren Fanclub Namen erhielten: Seel\u00f6wen. Unser Fanclub ist mit seiner Mitgliederzahl von \u00fcber 270 Mitgliedern der gr\u00f6\u00dfte Fanclub in der ARGE Region 8 &#8211; Bayerischer Wald S\u00fcd. Mit einer l\u00f6wenstarken Truppe reisen wir zu jedem Heimspiel unsrer L\u00f6wen ins 170 Kilometer entfernte M\u00fcnchen. Auch zu den Ausw\u00e4rtsspielen wird stets ein kleiner Bus zusammengetrommelt, um die L\u00f6wen tatkr\u00e4ftig zu unterst\u00fctzen. Zusammenhalt wird in unserer Fanclub-Familie sehr gro\u00dfgeschrieben und auch gelebt und umgesetzt. Neben unseren monatlichen Stammtisch-Treffen in unserem eigenen L\u00f6wenst\u00fcberl in Unteriglbach gibt es noch viele weitere Freizeitaktivit\u00e4ten, die wir Seel\u00f6wen gemeinsam unternehmen. Ganz im Sinne unseres Fanclub-Leitspruches: Viele L\u00f6wen \u2013 eine Familie! Unser Fanclub wurde im Stadion anl\u00e4sslich unseres 25-j\u00e4hrigen Vereinsbestehens beim Heimspiel-Sieg (4:1) gegen Eintracht Braunschweig am 26.01.2020 vorgestellt. Als Dankesch\u00f6n durften wir bis an den Spielfeldrand und wurden von Vize-Pr\u00e4sident Hans Sitzberger begr\u00fc\u00dft. Ein Danke geht an den [&hellip;]<\/p>\n","protected":false},"author":1,"featured_media":0,"parent":0,"menu_order":0,"comment_status":"closed","ping_status":"closed","template":"","meta":{"ngg_post_thumbnail":0,"footnotes":""},"class_list":["post-6","page","type-page","status-publish","hentry"],"jetpack_sharing_enabled":true,"jetpack_shortlink":"https:\/\/wp.me\/P7h1s1-6","_links":{"self":[{"href":"https:\/\/seeloewen-unteriglbach.de\/Startseite\/wp-json\/wp\/v2\/pages\/6","targetHints":{"allow":["GET"]}}],"collection":[{"href":"https:\/\/seeloewen-unteriglbach.de\/Startseite\/wp-json\/wp\/v2\/pages"}],"about":[{"href":"https:\/\/seeloewen-unteriglbach.de\/Startseite\/wp-json\/wp\/v2\/types\/page"}],"author":[{"embeddable":true,"href":"https:\/\/seeloewen-unteriglbach.de\/Startseite\/wp-json\/wp\/v2\/users\/1"}],"replies":[{"embeddable":true,"href":"https:\/\/seeloewen-unteriglbach.de\/Startseite\/wp-json\/wp\/v2\/comments?post=6"}],"version-history":[{"count":31,"href":"https:\/\/seeloewen-unteriglbach.de\/Startseite\/wp-json\/wp\/v2\/pages\/6\/revisions"}],"predecessor-version":[{"id":5778,"href":"https:\/\/seeloewen-unteriglbach.de\/Startseite\/wp-json\/wp\/v2\/pages\/6\/revisions\/5778"}],"wp:attachment":[{"href":"https:\/\/seeloewen-unteriglbach.de\/Startseite\/wp-json\/wp\/v2\/media?parent=6"}],"curies":[{"name":"wp","href":"https:\/\/api.w.org\/{rel}","templated":true}]}}