{"id":6139,"date":"2022-04-18T18:01:02","date_gmt":"2022-04-18T18:01:02","guid":{"rendered":"https:\/\/seeloewen-unteriglbach.de\/Startseite\/?page_id=6139"},"modified":"2022-04-18T18:03:45","modified_gmt":"2022-04-18T18:03:45","slug":"bilder-2020","status":"publish","type":"page","link":"https:\/\/seeloewen-unteriglbach.de\/Startseite\/bilder-2020\/","title":{"rendered":"Bilder 2020"},"content":{"rendered":"<p>Falls jemand Fotos bei Fahrten nach M\u00fcnchen, Ausw\u00e4rtsspielen, Veranstaltungen usw. gemacht hat, kann er diese gerne an unseren Verein weitergeben, damit diese hier ver\u00f6ffentlicht werden.<\/p>\n<p><span style=\"text-decoration: underline;\"><br \/>\n<\/span><strong><span style=\"text-decoration: underline;\">26.01.2020<br \/>\n<\/span><\/strong>Beim Spiel gegen Eintracht Braunschweig, das wir 4:1 gewannen, wurden wir als Verein vom TSV 1860 M\u00fcnchen geehrt und durften dazu an den Spielfeldrand.<br \/>\n<span style=\"font-size: revert; color: initial;\">ngg_shortcode_0_placeholder<\/p>\n<p><strong><span style=\"text-decoration: underline;\">Januar 2020<br \/>\n<\/span><\/strong>Bei der Monatsversammlung im &#8222;Bistro &amp; Imbiss am Brunnen&#8220; wurde Armin Fuchs f\u00fcr 10<span>-Jahre Mitgliedschaft geehrt.<br \/>\n<\/span>ngg_shortcode_1_placeholder<br \/>\n<\/span><\/p>\n","protected":false},"excerpt":{"rendered":"<p>Falls jemand Fotos bei Fahrten nach M\u00fcnchen, Ausw\u00e4rtsspielen, Veranstaltungen usw. gemacht hat, kann er diese gerne an unseren Verein weitergeben, damit diese hier ver\u00f6ffentlicht werden. 26.01.2020 Beim Spiel gegen Eintracht Braunschweig, das wir 4:1 gewannen, wurden wir als Verein vom TSV 1860 M\u00fcnchen geehrt und durften dazu an den Spielfeldrand. Januar 2020 Bei der Monatsversammlung im &#8222;Bistro &amp; Imbiss am Brunnen&#8220; wurde Armin Fuchs f\u00fcr 10-Jahre Mitgliedschaft geehrt.<\/p>\n","protected":false},"author":1,"featured_media":0,"parent":0,"menu_order":0,"comment_status":"closed","ping_status":"closed","template":"","meta":{"ngg_post_thumbnail":0,"jetpack_post_was_ever_published":false,"footnotes":""},"class_list":["post-6139","page","type-page","status-publish","hentry"],"jetpack_sharing_enabled":true,"jetpack_shortlink":"https:\/\/wp.me\/P7h1s1-1B1","_links":{"self":[{"href":"https:\/\/seeloewen-unteriglbach.de\/Startseite\/wp-json\/wp\/v2\/pages\/6139","targetHints":{"allow":["GET"]}}],"collection":[{"href":"https:\/\/seeloewen-unteriglbach.de\/Startseite\/wp-json\/wp\/v2\/pages"}],"about":[{"href":"https:\/\/seeloewen-unteriglbach.de\/Startseite\/wp-json\/wp\/v2\/types\/page"}],"author":[{"embeddable":true,"href":"https:\/\/seeloewen-unteriglbach.de\/Startseite\/wp-json\/wp\/v2\/users\/1"}],"replies":[{"embeddable":true,"href":"https:\/\/seeloewen-unteriglbach.de\/Startseite\/wp-json\/wp\/v2\/comments?post=6139"}],"version-history":[{"count":2,"href":"https:\/\/seeloewen-unteriglbach.de\/Startseite\/wp-json\/wp\/v2\/pages\/6139\/revisions"}],"predecessor-version":[{"id":6146,"href":"https:\/\/seeloewen-unteriglbach.de\/Startseite\/wp-json\/wp\/v2\/pages\/6139\/revisions\/6146"}],"wp:attachment":[{"href":"https:\/\/seeloewen-unteriglbach.de\/Startseite\/wp-json\/wp\/v2\/media?parent=6139"}],"curies":[{"name":"wp","href":"https:\/\/api.w.org\/{rel}","templated":true}]}}