{"id":951,"date":"2016-03-04T20:17:23","date_gmt":"2016-03-04T20:17:23","guid":{"rendered":"http:\/\/seeloewen-unteriglbach.de\/?page_id=951"},"modified":"2022-10-26T18:39:33","modified_gmt":"2022-10-26T18:39:33","slug":"kontakte","status":"publish","type":"page","link":"https:\/\/seeloewen-unteriglbach.de\/Startseite\/kontakte\/","title":{"rendered":"Kontakt"},"content":{"rendered":"<h2 style=\"text-align: center;\">&nbsp;<\/h2>\n<h2 style=\"text-align: center;\">Bei Fragen, Anmeldungen zu Fahrten, Beitritt zum Verein usw. stehen wir Euch gerne zur Verf\u00fcgung.<\/h2>\n\n\n<div>\n\n<br>Servus Zusammen,<br>da uns aktuell sehr viele Ticketanfragen erreichen, h\u00e4ufig auch ohne Teilnahme an unserer Busfahrt,<br>haben wir ein Verfahren f\u00fcr die Kartenvergabe festgelegt.<br><br><span><strong>Die Vergabe erfolgt in zwei Phasen.<br><\/strong><\/span><strong><span>Phase 1:&nbsp;<\/span><\/strong>Tickets sind <u>nur <\/u>in Verbindung mit einer Busfahrt erh\u00e4ltlich. &nbsp;(bis ca. f\u00fcnf Tage vor dem Spieltag)<br><strong><span>Phase 2:&nbsp;<\/span><\/strong>Ab f\u00fcnf Tage vorm Spieltag k\u00f6nnen die verbliebenden Tickets dann auch ohne Busfahrt vergeben werden.<br><br>Da unser Fanclub von den Busfahrten lebt und wir nur ein begrenztes Kartenkontingent zur Verf\u00fcgung haben,<br>sind wir gezwungen unsere Tickets im ersten Schritt nur in Verbindung mit einer Busfahrt zu vergeben!<br><br>Wir bitten um euer Verst\u00e4ndnis.<br>Eure&nbsp; Seel\u00f6wen Vorstandschaft\n<\/div>\n<div>\n\n\n<\/div>\n<h3 style=\"text-align: center;\">Hier k\u00f6nnten Sie uns gerne eine Nachricht zukommen lassen:<\/h3>\n\n<div class=\"wpcf7 no-js\" id=\"wpcf7-f968-o1\" lang=\"de-DE\" dir=\"ltr\" data-wpcf7-id=\"968\">\n<div class=\"screen-reader-response\"><p role=\"status\" aria-live=\"polite\" aria-atomic=\"true\"><\/p> <ul><\/ul><\/div>\n<form action=\"\/Startseite\/wp-json\/wp\/v2\/pages\/951#wpcf7-f968-o1\" method=\"post\" class=\"wpcf7-form init\" aria-label=\"Kontaktformular\" novalidate=\"novalidate\" data-status=\"init\">\n<fieldset class=\"hidden-fields-container\"><input type=\"hidden\" name=\"_wpcf7\" value=\"968\" \/><input type=\"hidden\" name=\"_wpcf7_version\" value=\"6.1.5\" \/><input type=\"hidden\" name=\"_wpcf7_locale\" value=\"de_DE\" \/><input type=\"hidden\" name=\"_wpcf7_unit_tag\" value=\"wpcf7-f968-o1\" \/><input type=\"hidden\" name=\"_wpcf7_container_post\" value=\"0\" \/><input type=\"hidden\" name=\"_wpcf7_posted_data_hash\" value=\"\" \/>\n<\/fieldset>\n<p>Ihr Name (Pflichtfeld)\n<\/p>\n<p><span class=\"wpcf7-form-control-wrap\" data-name=\"your-name\"><input size=\"40\" maxlength=\"400\" class=\"wpcf7-form-control wpcf7-text wpcf7-validates-as-required\" aria-required=\"true\" aria-invalid=\"false\" placeholder=\"Ihre Name*\" value=\"\" type=\"text\" name=\"your-name\" \/><\/span>\n<\/p>\n<p><span id=\"wpcf7-69e620c971fab-wrapper\" class=\"wpcf7-form-control-wrap Name-wrap\" style=\"display:none !important; visibility:hidden !important;\"><label for=\"wpcf7-69e620c971fab-field\" class=\"hp-message\">Bitte lasse dieses Feld leer.<\/label><input id=\"wpcf7-69e620c971fab-field\"  class=\"wpcf7-form-control wpcf7-text\" type=\"text\" name=\"Name\" value=\"\" size=\"40\" tabindex=\"-1\" autocomplete=\"new-password\" \/><\/span>\n<\/p>\n<p>Ihre E-Mail-Adresse (Pflichtfeld)\n<\/p>\n<p><span class=\"wpcf7-form-control-wrap\" data-name=\"your-email\"><input size=\"40\" maxlength=\"400\" class=\"wpcf7-form-control wpcf7-email wpcf7-validates-as-required wpcf7-text wpcf7-validates-as-email\" aria-required=\"true\" aria-invalid=\"false\" placeholder=\"Ihre E-Mail-Adresse*\" value=\"\" type=\"email\" name=\"your-email\" \/><\/span>\n<\/p>\n<p><span id=\"wpcf7-69e620c972060-wrapper\" class=\"wpcf7-form-control-wrap Handy-wrap\" style=\"display:none !important; visibility:hidden !important;\"><label for=\"wpcf7-69e620c972060-field\" class=\"hp-message\">Bitte lasse dieses Feld leer.<\/label><input id=\"wpcf7-69e620c972060-field\"  class=\"wpcf7-form-control wpcf7-text\" type=\"text\" name=\"Handy\" value=\"\" size=\"40\" tabindex=\"-1\" autocomplete=\"new-password\" \/><\/span>\n<\/p>\n<p>Ihre Telefon-\/Handynummer (Pflichtfeld)\n<\/p>\n<p><span class=\"wpcf7-form-control-wrap\" data-name=\"your-tel\"><input size=\"40\" maxlength=\"400\" class=\"wpcf7-form-control wpcf7-tel wpcf7-validates-as-required wpcf7-text wpcf7-validates-as-tel\" aria-required=\"true\" aria-invalid=\"false\" placeholder=\"Ihre Telefon-\/Handynummer*\" value=\"\" type=\"tel\" name=\"your-tel\" \/><\/span>\n<\/p>\n<p>Was ist Ihr Anliegen, warum Sie uns kontaktieren m\u00f6chtest? (Pflichtfeld)\n<\/p>\n<p><select name=\"Kontakt-Empfaenger\" required include_blank>\n <option >--Bitte Anliegen w\u00e4hlen--<\/option>\n <option value=\"anja@seeloewen-unteriglbach.de\">M\u00f6chte zu einem Spiel mitfahren!<\/option>\n <option value=\"andi@seeloewen-unteriglbach.de\">M\u00f6chte Mitglied werden<\/option>\n <option value=\"andi@seeloewen-unteriglbach.de\">Sonstiges<\/option>\n <\/select>\n<\/p>\n<p><span id=\"wpcf7-69e620c9720f2-wrapper\" class=\"wpcf7-form-control-wrap Nachricht-wrap\" style=\"display:none !important; visibility:hidden !important;\"><label for=\"wpcf7-69e620c9720f2-field\" class=\"hp-message\">Bitte lasse dieses Feld leer.<\/label><input id=\"wpcf7-69e620c9720f2-field\"  class=\"wpcf7-form-control wpcf7-text\" type=\"text\" name=\"Nachricht\" value=\"\" size=\"40\" tabindex=\"-1\" autocomplete=\"new-password\" \/><\/span>\n<\/p>\n<p>Betreff\n<\/p>\n<p><span class=\"wpcf7-form-control-wrap\" data-name=\"your-subject\"><input size=\"40\" maxlength=\"400\" class=\"wpcf7-form-control wpcf7-text\" aria-invalid=\"false\" placeholder=\"Bitte tragen Sie hier den Betreff ein*\" value=\"\" type=\"text\" name=\"your-subject\" \/><\/span>\n<\/p>\n<p>Ihre Nachricht\n<\/p>\n<p><span class=\"wpcf7-form-control-wrap\" data-name=\"your-message\"><textarea cols=\"40\" rows=\"10\" maxlength=\"2000\" class=\"wpcf7-form-control wpcf7-textarea\" aria-invalid=\"false\" placeholder=\"Bitte tragen Sie hier den Nachrichtentext ein*\" name=\"your-message\"><\/textarea><\/span>\n<\/p>\n<p>Bitte beachten Sie, dass Sie durch das Klicken auf \"Senden\" unseren <a href=https:\/\/seeloewen-unteriglbach.de\/Startseite\/datenschutz\/>Datenschutz<\/a> akpzeptieren!\n<\/p>\n<p><span class=\"wpcf7-form-control-wrap\" data-name=\"Raetzelrunde\"><label><span class=\"wpcf7-quiz-label\">In welchem Jahr wurden die L\u00f6wen gegr\u00fcndet (TSV xxxx M\u00fcnchen)?<\/span> <input size=\"40\" class=\"wpcf7-form-control wpcf7-quiz\" autocomplete=\"off\" aria-required=\"true\" aria-invalid=\"false\" type=\"text\" name=\"Raetzelrunde\" \/><\/label><input type=\"hidden\" name=\"_wpcf7_quiz_answer_Raetzelrunde\" value=\"e7a25b284cabdc1e33df4e70a5bdafce\" \/><\/span>\n<\/p>\n<input class=\"wpcf7-form-control wpcf7-submit has-spinner\" type=\"submit\" value=\"Senden\" \/><p style=\"display: none !important;\" class=\"akismet-fields-container\" data-prefix=\"_wpcf7_ak_\"><label>&#916;<textarea name=\"_wpcf7_ak_hp_textarea\" cols=\"45\" rows=\"8\" maxlength=\"100\"><\/textarea><\/label><input type=\"hidden\" id=\"ak_js_1\" name=\"_wpcf7_ak_js\" value=\"152\"\/><script>document.getElementById( \"ak_js_1\" ).setAttribute( \"value\", ( new Date() ).getTime() );<\/script><div class=\"wpcf7-response-output\" aria-hidden=\"true\"><\/div>\n<\/form>\n<\/div>\n\n<p style=\"text-align: center;\"><strong>Es tut uns Leid, aber wir ben\u00f6tigen f\u00fcr R\u00fcckfragen oder Antworten, Ihre oben genannten Daten.<\/strong> <strong>Diese werden nur f\u00fcr die Bearbeitung Ihrer Email ben\u00f6tigt und werden <span style=\"text-decoration: underline;\">nicht<\/span> gespeichert!<\/strong><\/p>\n","protected":false},"excerpt":{"rendered":"<p>&nbsp; Bei Fragen, Anmeldungen zu Fahrten, Beitritt zum Verein usw. stehen wir Euch gerne zur Verf\u00fcgung. Servus Zusammen,da uns aktuell sehr viele Ticketanfragen erreichen, h\u00e4ufig auch ohne Teilnahme an unserer Busfahrt,haben wir ein Verfahren f\u00fcr die Kartenvergabe festgelegt. Die Vergabe erfolgt in zwei Phasen.Phase 1:&nbsp;Tickets sind nur in Verbindung mit einer Busfahrt erh\u00e4ltlich. &nbsp;(bis ca. f\u00fcnf Tage vor dem Spieltag)Phase 2:&nbsp;Ab f\u00fcnf Tage vorm Spieltag k\u00f6nnen die verbliebenden Tickets dann auch ohne Busfahrt vergeben werden. Da unser Fanclub von den Busfahrten lebt und wir nur ein begrenztes Kartenkontingent zur Verf\u00fcgung haben,sind wir gezwungen unsere Tickets im ersten Schritt nur in Verbindung mit einer Busfahrt zu vergeben! Wir bitten um euer Verst\u00e4ndnis.Eure&nbsp; Seel\u00f6wen Vorstandschaft Hier k\u00f6nnten Sie uns gerne eine Nachricht zukommen lassen: Es tut uns Leid, aber wir ben\u00f6tigen f\u00fcr R\u00fcckfragen oder Antworten, Ihre oben genannten Daten. Diese werden nur f\u00fcr die Bearbeitung Ihrer Email ben\u00f6tigt und werden nicht gespeichert!<\/p>\n","protected":false},"author":1,"featured_media":0,"parent":0,"menu_order":0,"comment_status":"closed","ping_status":"closed","template":"","meta":{"ngg_post_thumbnail":0,"jetpack_post_was_ever_published":false,"footnotes":""},"class_list":["post-951","page","type-page","status-publish","hentry"],"jetpack_sharing_enabled":true,"jetpack_shortlink":"https:\/\/wp.me\/P7h1s1-fl","_links":{"self":[{"href":"https:\/\/seeloewen-unteriglbach.de\/Startseite\/wp-json\/wp\/v2\/pages\/951","targetHints":{"allow":["GET"]}}],"collection":[{"href":"https:\/\/seeloewen-unteriglbach.de\/Startseite\/wp-json\/wp\/v2\/pages"}],"about":[{"href":"https:\/\/seeloewen-unteriglbach.de\/Startseite\/wp-json\/wp\/v2\/types\/page"}],"author":[{"embeddable":true,"href":"https:\/\/seeloewen-unteriglbach.de\/Startseite\/wp-json\/wp\/v2\/users\/1"}],"replies":[{"embeddable":true,"href":"https:\/\/seeloewen-unteriglbach.de\/Startseite\/wp-json\/wp\/v2\/comments?post=951"}],"version-history":[{"count":11,"href":"https:\/\/seeloewen-unteriglbach.de\/Startseite\/wp-json\/wp\/v2\/pages\/951\/revisions"}],"predecessor-version":[{"id":6478,"href":"https:\/\/seeloewen-unteriglbach.de\/Startseite\/wp-json\/wp\/v2\/pages\/951\/revisions\/6478"}],"wp:attachment":[{"href":"https:\/\/seeloewen-unteriglbach.de\/Startseite\/wp-json\/wp\/v2\/media?parent=951"}],"curies":[{"name":"wp","href":"https:\/\/api.w.org\/{rel}","templated":true}]}}